{"id":725,"date":"2021-07-28T10:20:47","date_gmt":"2021-07-28T10:20:47","guid":{"rendered":"https:\/\/ribeirodasilva.com\/?page_id=725"},"modified":"2021-07-28T10:20:47","modified_gmt":"2021-07-28T10:20:47","slug":"privacy-policy","status":"publish","type":"page","link":"https:\/\/ribeirodasilva.com\/en\/privacy-policy\/","title":{"rendered":"Privacy Policy"},"content":{"rendered":"<p>[vc_row][vc_column]<div class=\"ult-spacer spacer-6a071e77f06d8\" data-id=\"6a071e77f06d8\" data-height=\"70\" data-height-mobile=\"70\" data-height-tab=\"70\" data-height-tab-portrait=\"\" data-height-mobile-landscape=\"\" style=\"clear:both;display:block;\"><\/div><div id=\"ultimate-heading-68886a071e77f07ba\" class=\"uvc-heading ult-adjust-bottom-margin ultimate-heading-68886a071e77f07ba uvc-5432 \" data-hspacer=\"no_spacer\"  data-halign=\"left\" style=\"text-align:left\"><div class=\"uvc-heading-spacer no_spacer\" style=\"top\"><\/div><div class=\"uvc-main-heading ult-responsive\"  data-ultimate-target='.uvc-heading.ultimate-heading-68886a071e77f07ba h2'  data-responsive-json-new='{\"font-size\":\"desktop:50px;tablet:50px;tablet_portrait:45px;mobile_landscape:45px;mobile:40px;\",\"line-height\":\"\"}' ><h2 style=\"font-weight:normal;\">Use<\/h2><\/div><\/div>[vc_column_text]The user of the website may use the information published on the website of Empresa Ribeiro da Silva &amp; Ca Lda, for information purposes only. The user of the website may not use the information on the website in any other way without prior written consent from the Company. [\/vc_column_text]<div id=\"ultimate-heading-376a071e77f080b\" class=\"uvc-heading ult-adjust-bottom-margin ultimate-heading-376a071e77f080b uvc-3952 \" data-hspacer=\"no_spacer\"  data-halign=\"left\" style=\"text-align:left\"><div class=\"uvc-heading-spacer no_spacer\" style=\"top\"><\/div><div class=\"uvc-main-heading ult-responsive\"  data-ultimate-target='.uvc-heading.ultimate-heading-376a071e77f080b h2'  data-responsive-json-new='{\"font-size\":\"desktop:50px;tablet:50px;tablet_portrait:45px;mobile_landscape:45px;mobile:40px;\",\"line-height\":\"\"}' ><h2 style=\"font-weight:normal;\">Availability<\/h2><\/div><\/div>[vc_column_text]The user recognizes that the Internet is not owned or controlled by any organization, company, legal or physical entity. Therefore, Empresa Ribeiro da Silva &amp; Ca Lda cannot ensure that any user can access the website or any of the company\u2019s servers or services at any time. Empresa Ribeiro da Silva &amp; Ca Lda declares that it will make every effort in good faith to ensure that its website and all its servers or services, are available as widely as possible and with as little disruption as possible. [\/vc_column_text]<div id=\"ultimate-heading-44886a071e77f083c\" class=\"uvc-heading ult-adjust-bottom-margin ultimate-heading-44886a071e77f083c uvc-4554 \" data-hspacer=\"no_spacer\"  data-halign=\"left\" style=\"text-align:left\"><div class=\"uvc-heading-spacer no_spacer\" style=\"top\"><\/div><div class=\"uvc-main-heading ult-responsive\"  data-ultimate-target='.uvc-heading.ultimate-heading-44886a071e77f083c h2'  data-responsive-json-new='{\"font-size\":\"desktop:50px;tablet:50px;tablet_portrait:45px;mobile_landscape:45px;mobile:40px;\",\"line-height\":\"\"}' ><h2 style=\"font-weight:normal;\">Copyright<\/h2><\/div><\/div>[vc_column_text]The content of this website, in text and image, is property of Ribeiro da Silva &amp; Ca Lda, Lda.; \u00a9 2021. All rights reserved.[\/vc_column_text]<div id=\"ultimate-heading-71336a071e77f0879\" class=\"uvc-heading ult-adjust-bottom-margin ultimate-heading-71336a071e77f0879 uvc-5090 \" data-hspacer=\"no_spacer\"  data-halign=\"left\" style=\"text-align:left\"><div class=\"uvc-heading-spacer no_spacer\" style=\"top\"><\/div><div class=\"uvc-main-heading ult-responsive\"  data-ultimate-target='.uvc-heading.ultimate-heading-71336a071e77f0879 h2'  data-responsive-json-new='{\"font-size\":\"desktop:50px;tablet:50px;tablet_portrait:45px;mobile_landscape:45px;mobile:40px;\",\"line-height\":\"\"}' ><h2 style=\"font-weight:normal;\">Collection and Processing of Personal Data<\/h2><\/div><\/div>[vc_column_text]All users of the website can browse the page without providing their personal information, thus ensuring anonymity.<\/p>\n<p>Empresa Ribeiro da Silva &amp; Ca Lda owner of the site <a href=\"https:\/\/www.ribeirodasilva.com\">https:\/\/www.ribeirodasilva.com<\/a>, will not collect any personal information from its users.<\/p>\n<p>However, Empresa Ribeiro da Silva &amp; Ca Lda may collect information that is not of a personal nature, but which is intended to improve and optimise site navigation through the use of cookies.<\/p>\n<p>Our site uses cookies, and by consenting to the use of cookies for the first time, in accordance with our privacy policy, you allow us to use these cookies whenever you use\/visit our site. [\/vc_column_text]<div id=\"ultimate-heading-85756a071e77f08ce\" class=\"uvc-heading ult-adjust-bottom-margin ultimate-heading-85756a071e77f08ce uvc-8788 \" data-hspacer=\"no_spacer\"  data-halign=\"left\" style=\"text-align:left\"><div class=\"uvc-heading-spacer no_spacer\" style=\"top\"><\/div><div class=\"uvc-main-heading ult-responsive\"  data-ultimate-target='.uvc-heading.ultimate-heading-85756a071e77f08ce h2'  data-responsive-json-new='{\"font-size\":\"desktop:50px;tablet:50px;tablet_portrait:45px;mobile_landscape:45px;mobile:40px;\",\"line-height\":\"\"}' ><h2 style=\"font-weight:normal;\">Treatment of Personal Data provided voluntarily<\/h2><\/div><\/div>[vc_column_text]The personal information collected through the website will be only those submitted and\/or confirmed by the visitor.<\/p>\n<p>The personal data provided voluntarily by the user in the contact page are for the exclusive information of Empresa Ribeiro da Silva &amp; Ca Lda and will not be disclosed to third parties without the prior consent of its owner.<\/p>\n<p>Empresa Ribeiro da Silva &amp; Ca Lda, is the entity responsible for the treatment of personal data of visitors to the website <a href=\"https:\/\/www.ribeirodasilva.com\">https:\/\/www.ribeirodasilva.com<\/a>, and is committed to ensuring the confidentiality of these data. [\/vc_column_text]<div id=\"ultimate-heading-29016a071e77f0947\" class=\"uvc-heading ult-adjust-bottom-margin ultimate-heading-29016a071e77f0947 uvc-9183 \" data-hspacer=\"no_spacer\"  data-halign=\"left\" style=\"text-align:left\"><div class=\"uvc-heading-spacer no_spacer\" style=\"top\"><\/div><div class=\"uvc-main-heading ult-responsive\"  data-ultimate-target='.uvc-heading.ultimate-heading-29016a071e77f0947 h2'  data-responsive-json-new='{\"font-size\":\"desktop:50px;tablet:50px;tablet_portrait:45px;mobile_landscape:45px;mobile:40px;\",\"line-height\":\"\"}' ><h2 style=\"font-weight:normal;\">Rights of the personal data holder<\/h2><\/div><\/div>[vc_column_text]All personal information regarding customers or visitors using the website Empresa Ribeiro da Silva &amp; Ca Lda will be treated in accordance with national and European legislation on Personal Data Protection. In accordance with the applicable legislation, Empresa Ribeiro da Silva &amp; Ca Lda is obliged to give users, whose data is collected, the right to access, oppose or modify their data at any time, simply by sending a message to the e-mail <a href=\"mailto:geral@alvarolopesefilhos.pt\">geral@ribeirodasilva.com.<\/a>[\/vc_column_text]<div id=\"ultimate-heading-7536a071e77f098d\" class=\"uvc-heading ult-adjust-bottom-margin ultimate-heading-7536a071e77f098d uvc-7875 \" data-hspacer=\"no_spacer\"  data-halign=\"left\" style=\"text-align:left\"><div class=\"uvc-heading-spacer no_spacer\" style=\"top\"><\/div><div class=\"uvc-main-heading ult-responsive\"  data-ultimate-target='.uvc-heading.ultimate-heading-7536a071e77f098d h2'  data-responsive-json-new='{\"font-size\":\"desktop:50px;tablet:50px;tablet_portrait:45px;mobile_landscape:45px;mobile:40px;\",\"line-height\":\"\"}' ><h2 style=\"font-weight:normal;\">Purpose of Personal Data Treatment<\/h2><\/div><\/div>[vc_column_text]All personal information collected in connection with the use of the website Empresa Ribeiro da Silva &amp; Ca Lda, will be used to help make the visit to the website more productive and pleasant, customize contents, products and relevant services.<\/p>\n<p>Empresa Ribeiro da Silva &amp; Ca Lda considers itself authorized to use all ideas, concepts, knowledge or techniques of communication through the website, in a free and independent way (including the conception, production or commercialization of products), through messages sent by e-mail, file transmission or any other form of unsolicited communication considered non-confidential and free of any use restrictions.[\/vc_column_text]<div id=\"ultimate-heading-96056a071e77f09cb\" class=\"uvc-heading ult-adjust-bottom-margin ultimate-heading-96056a071e77f09cb uvc-1343 \" data-hspacer=\"no_spacer\"  data-halign=\"left\" style=\"text-align:left\"><div class=\"uvc-heading-spacer no_spacer\" style=\"top\"><\/div><div class=\"uvc-main-heading ult-responsive\"  data-ultimate-target='.uvc-heading.ultimate-heading-96056a071e77f09cb h2'  data-responsive-json-new='{\"font-size\":\"desktop:50px;tablet:50px;tablet_portrait:45px;mobile_landscape:45px;mobile:40px;\",\"line-height\":\"\"}' ><h2 style=\"font-weight:normal;\">Maintenance and Safety<\/h2><\/div><\/div>[vc_column_text]The period of time for which the data is stored and conserved varies according to the purpose for which the information is processed. Thus, and whenever there is no specific legal requirement, the data will be stored and retained only for the minimum period necessary for the purposes for which they were collected or further processed.<\/p>\n<p>Empresa Ribeiro da Silva &amp; Ca Lda is committed to ensuring the protection of the personal data provided. To this end, several technical and organizational security measures have been adopted in order to protect the personal data provided against disclosure, loss, misuse, alteration, unauthorized treatment or access, as well as any other form of unlawful treatment.<\/p>\n<p>Notwithstanding the security measures adopted, as an Internet user, the visitor to the website must adopt additional security measures. The use of Empresa Ribeiro da Silva &amp; Ca Lda website implies full knowledge of this Privacy Policy, which can be changed without prior notice. Thus, it is recommended that you consult this page regularly in order to be always updated. [\/vc_column_text]<div id=\"ultimate-heading-73136a071e77f0a03\" class=\"uvc-heading ult-adjust-bottom-margin ultimate-heading-73136a071e77f0a03 uvc-7263 \" data-hspacer=\"no_spacer\"  data-halign=\"left\" style=\"text-align:left\"><div class=\"uvc-heading-spacer no_spacer\" style=\"top\"><\/div><div class=\"uvc-main-heading ult-responsive\"  data-ultimate-target='.uvc-heading.ultimate-heading-73136a071e77f0a03 h2'  data-responsive-json-new='{\"font-size\":\"desktop:50px;tablet:50px;tablet_portrait:45px;mobile_landscape:45px;mobile:40px;\",\"line-height\":\"\"}' ><h2 style=\"font-weight:normal;\">Cookies<\/h2><\/div><\/div><div id=\"ultimate-heading-23696a071e77f0a38\" class=\"uvc-heading ult-adjust-bottom-margin ultimate-heading-23696a071e77f0a38 uvc-8978 \" data-hspacer=\"no_spacer\"  data-halign=\"left\" style=\"text-align:left\"><div class=\"uvc-heading-spacer no_spacer\" style=\"top\"><\/div><div class=\"uvc-main-heading ult-responsive\"  data-ultimate-target='.uvc-heading.ultimate-heading-23696a071e77f0a38 h2'  data-responsive-json-new='{\"font-size\":\"desktop:50px;tablet:50px;tablet_portrait:45px;mobile_landscape:45px;mobile:40px;\",\"line-height\":\"\"}' ><h2 style=\"font-weight:normal;\">What are cookies?<\/h2><\/div><\/div>[vc_column_text]\u201cCookies\u201d are small software tags that are stored in your browser through your browser, retaining only information related to your preferences, and as such do not include your personal data.[\/vc_column_text]<div id=\"ultimate-heading-2836a071e77f0a65\" class=\"uvc-heading ult-adjust-bottom-margin ultimate-heading-2836a071e77f0a65 uvc-1389 \" data-hspacer=\"no_spacer\"  data-halign=\"left\" style=\"text-align:left\"><div class=\"uvc-heading-spacer no_spacer\" style=\"top\"><\/div><div class=\"uvc-main-heading ult-responsive\"  data-ultimate-target='.uvc-heading.ultimate-heading-2836a071e77f0a65 h2'  data-responsive-json-new='{\"font-size\":\"desktop:50px;tablet:50px;tablet_portrait:45px;mobile_landscape:45px;mobile:40px;\",\"line-height\":\"\"}' ><h2 style=\"font-weight:normal;\">What kind of cookies are there?<\/h2><\/div><\/div>[vc_column_text]There are two groups of cookies that can be used:<\/p>\n<p>\u2022 Permanent cookies \u2013 these are cookies that are stored at browser level in your access equipment (PC, mobile and tablet) and are used every time you make a new visit to one of our websites. They are generally used to direct navigation to the user\u2019s interests, allowing us to provide a more personalised service.<\/p>\n<p>\u2022 Session cookies \u2013 these are temporary cookies that remain in the cookie file of your browser until you leave the website. The information obtained by these cookies is used to analyse web traffic patterns, allowing us to identify problems and provide a better browsing experience.[\/vc_column_text]<div id=\"ultimate-heading-39656a071e77f0aaa\" class=\"uvc-heading ult-adjust-bottom-margin ultimate-heading-39656a071e77f0aaa uvc-9109 \" data-hspacer=\"no_spacer\"  data-halign=\"left\" style=\"text-align:left\"><div class=\"uvc-heading-spacer no_spacer\" style=\"top\"><\/div><div class=\"uvc-main-heading ult-responsive\"  data-ultimate-target='.uvc-heading.ultimate-heading-39656a071e77f0aaa h2'  data-responsive-json-new='{\"font-size\":\"desktop:50px;tablet:50px;tablet_portrait:45px;mobile_landscape:45px;mobile:40px;\",\"line-height\":\"\"}' ><h2 style=\"font-weight:normal;\">For what purposes do we use cookies?<\/h2><\/div><\/div>[vc_column_text]\u2022 Strictly necessary cookies \u2013 These allow you to navigate around the website and use its applications, as well as access secure areas of the website. Without these cookies, the services you have requested cannot be provided.<\/p>\n<p>\u2022 Analytical cookies \u2013 These are used anonymously to create and analyse statistics in order to improve the functioning of the website.<\/p>\n<p>\u2022 Functionality cookies \u2013 These store user preferences regarding the use of the website, so that you do not need to re-configure the website each time you visit.[\/vc_column_text]<div id=\"ultimate-heading-73946a071e77f0ade\" class=\"uvc-heading ult-adjust-bottom-margin ultimate-heading-73946a071e77f0ade uvc-6150 \" data-hspacer=\"no_spacer\"  data-halign=\"left\" style=\"text-align:left\"><div class=\"uvc-heading-spacer no_spacer\" style=\"top\"><\/div><div class=\"uvc-main-heading ult-responsive\"  data-ultimate-target='.uvc-heading.ultimate-heading-73946a071e77f0ade h2'  data-responsive-json-new='{\"font-size\":\"desktop:50px;tablet:50px;tablet_portrait:45px;mobile_landscape:45px;mobile:40px;\",\"line-height\":\"\"}' ><h2 style=\"font-weight:normal;\">How do I manage cookies?<\/h2><\/div><\/div>[vc_column_text]All browsers allow you to accept, refuse or delete cookies at any time by configuring the appropriate settings in your browser. You can configure cookies in the \u201coptions\u201d or \u201cpreferences\u201d menu of your browser.<\/p>\n<p>Please note that by disabling cookies, you lose the automatic completion of some data, such as login data. In addition, it may prevent some online services from working properly, affecting site navigation.<br \/>\n[\/vc_column_text]<div id=\"ultimate-heading-29656a071e77f0b0c\" class=\"uvc-heading ult-adjust-bottom-margin ultimate-heading-29656a071e77f0b0c uvc-1144 \" data-hspacer=\"no_spacer\"  data-halign=\"left\" style=\"text-align:left\"><div class=\"uvc-heading-spacer no_spacer\" style=\"top\"><\/div><div class=\"uvc-main-heading ult-responsive\"  data-ultimate-target='.uvc-heading.ultimate-heading-29656a071e77f0b0c h2'  data-responsive-json-new='{\"font-size\":\"desktop:50px;tablet:50px;tablet_portrait:45px;mobile_landscape:45px;mobile:40px;\",\"line-height\":\"\"}' ><h2 style=\"font-weight:normal;\">More information.<\/h2><\/div><\/div>[vc_column_text]To learn more about cookies, please see the following link:<\/p>\n<p>All About Cookies<br \/>\n[\/vc_column_text]<div class=\"ult-spacer spacer-6a071e77f0b33\" data-id=\"6a071e77f0b33\" data-height=\"70\" data-height-mobile=\"70\" data-height-tab=\"70\" data-height-tab-portrait=\"\" data-height-mobile-landscape=\"\" style=\"clear:both;display:block;\"><\/div>[\/vc_column][\/vc_row]<\/p>\n","protected":false},"excerpt":{"rendered":"<p>[vc_row][vc_column][vc_column_text]The user of the website may use the information published on the website of Empresa Ribeiro da Silva &amp; Ca Lda, for information purposes only. The user of the website may not use the information on the website in any other way without prior written consent from the Company. [\/vc_column_text][vc_column_text]The user recognizes that the Internet [&hellip;]<\/p>\n","protected":false},"author":1,"featured_media":0,"parent":0,"menu_order":0,"comment_status":"closed","ping_status":"open","template":"template-custom-page.php","meta":{"_vp_format_video_url":"","_vp_image_focal_point":[],"footnotes":""},"class_list":["post-725","page","type-page","status-publish","hentry"],"yoast_head":"<!-- This site is optimized with the Yoast SEO plugin v27.5 - https:\/\/yoast.com\/product\/yoast-seo-wordpress\/ -->\n<title>Privacy Policy - Ribeiro da Silva &amp; Ca, Lda<\/title>\n<meta name=\"robots\" content=\"index, follow, max-snippet:-1, max-image-preview:large, max-video-preview:-1\" \/>\n<link rel=\"canonical\" href=\"https:\/\/ribeirodasilva.com\/en\/privacy-policy\/\" \/>\n<meta property=\"og:locale\" content=\"en_US\" \/>\n<meta property=\"og:type\" content=\"article\" \/>\n<meta property=\"og:title\" content=\"Privacy Policy - Ribeiro da Silva &amp; Ca, Lda\" \/>\n<meta property=\"og:description\" content=\"[vc_row][vc_column][vc_column_text]The user of the website may use the information published on the website of Empresa Ribeiro da Silva &amp; Ca Lda, for information purposes only. The user of the website may not use the information on the website in any other way without prior written consent from the Company. [\/vc_column_text][vc_column_text]The user recognizes that the Internet [&hellip;]\" \/>\n<meta property=\"og:url\" content=\"https:\/\/ribeirodasilva.com\/en\/privacy-policy\/\" \/>\n<meta property=\"og:site_name\" content=\"Ribeiro da Silva &amp; Ca, Lda\" \/>\n<meta name=\"twitter:card\" content=\"summary_large_image\" \/>\n<meta name=\"twitter:label1\" content=\"Est. reading time\" \/>\n\t<meta name=\"twitter:data1\" content=\"5 minutes\" \/>\n<script type=\"application\/ld+json\" class=\"yoast-schema-graph\">{\"@context\":\"https:\\\/\\\/schema.org\",\"@graph\":[{\"@type\":\"WebPage\",\"@id\":\"https:\\\/\\\/ribeirodasilva.com\\\/en\\\/privacy-policy\\\/\",\"url\":\"https:\\\/\\\/ribeirodasilva.com\\\/en\\\/privacy-policy\\\/\",\"name\":\"Privacy Policy - Ribeiro da Silva &amp; Ca, Lda\",\"isPartOf\":{\"@id\":\"https:\\\/\\\/ribeirodasilva.com\\\/en\\\/#website\"},\"datePublished\":\"2021-07-28T10:20:47+00:00\",\"breadcrumb\":{\"@id\":\"https:\\\/\\\/ribeirodasilva.com\\\/en\\\/privacy-policy\\\/#breadcrumb\"},\"inLanguage\":\"en-US\",\"potentialAction\":[{\"@type\":\"ReadAction\",\"target\":[\"https:\\\/\\\/ribeirodasilva.com\\\/en\\\/privacy-policy\\\/\"]}]},{\"@type\":\"BreadcrumbList\",\"@id\":\"https:\\\/\\\/ribeirodasilva.com\\\/en\\\/privacy-policy\\\/#breadcrumb\",\"itemListElement\":[{\"@type\":\"ListItem\",\"position\":1,\"name\":\"Home\",\"item\":\"https:\\\/\\\/ribeirodasilva.com\\\/en\\\/\"},{\"@type\":\"ListItem\",\"position\":2,\"name\":\"Privacy Policy\"}]},{\"@type\":\"WebSite\",\"@id\":\"https:\\\/\\\/ribeirodasilva.com\\\/en\\\/#website\",\"url\":\"https:\\\/\\\/ribeirodasilva.com\\\/en\\\/\",\"name\":\"Ribeiro da Silva &amp; Ca, Lda\",\"description\":\"Constru\u00e7\u00e3o Civil e Obras P\u00fablicas - Joane - Vila Nova de Famalic\u00e3o\",\"potentialAction\":[{\"@type\":\"SearchAction\",\"target\":{\"@type\":\"EntryPoint\",\"urlTemplate\":\"https:\\\/\\\/ribeirodasilva.com\\\/en\\\/?s={search_term_string}\"},\"query-input\":{\"@type\":\"PropertyValueSpecification\",\"valueRequired\":true,\"valueName\":\"search_term_string\"}}],\"inLanguage\":\"en-US\"}]}<\/script>\n<!-- \/ Yoast SEO plugin. -->","yoast_head_json":{"title":"Privacy Policy - Ribeiro da Silva &amp; Ca, Lda","robots":{"index":"index","follow":"follow","max-snippet":"max-snippet:-1","max-image-preview":"max-image-preview:large","max-video-preview":"max-video-preview:-1"},"canonical":"https:\/\/ribeirodasilva.com\/en\/privacy-policy\/","og_locale":"en_US","og_type":"article","og_title":"Privacy Policy - Ribeiro da Silva &amp; Ca, Lda","og_description":"[vc_row][vc_column][vc_column_text]The user of the website may use the information published on the website of Empresa Ribeiro da Silva &amp; Ca Lda, for information purposes only. The user of the website may not use the information on the website in any other way without prior written consent from the Company. [\/vc_column_text][vc_column_text]The user recognizes that the Internet [&hellip;]","og_url":"https:\/\/ribeirodasilva.com\/en\/privacy-policy\/","og_site_name":"Ribeiro da Silva &amp; Ca, Lda","twitter_card":"summary_large_image","twitter_misc":{"Est. reading time":"5 minutes"},"schema":{"@context":"https:\/\/schema.org","@graph":[{"@type":"WebPage","@id":"https:\/\/ribeirodasilva.com\/en\/privacy-policy\/","url":"https:\/\/ribeirodasilva.com\/en\/privacy-policy\/","name":"Privacy Policy - Ribeiro da Silva &amp; Ca, Lda","isPartOf":{"@id":"https:\/\/ribeirodasilva.com\/en\/#website"},"datePublished":"2021-07-28T10:20:47+00:00","breadcrumb":{"@id":"https:\/\/ribeirodasilva.com\/en\/privacy-policy\/#breadcrumb"},"inLanguage":"en-US","potentialAction":[{"@type":"ReadAction","target":["https:\/\/ribeirodasilva.com\/en\/privacy-policy\/"]}]},{"@type":"BreadcrumbList","@id":"https:\/\/ribeirodasilva.com\/en\/privacy-policy\/#breadcrumb","itemListElement":[{"@type":"ListItem","position":1,"name":"Home","item":"https:\/\/ribeirodasilva.com\/en\/"},{"@type":"ListItem","position":2,"name":"Privacy Policy"}]},{"@type":"WebSite","@id":"https:\/\/ribeirodasilva.com\/en\/#website","url":"https:\/\/ribeirodasilva.com\/en\/","name":"Ribeiro da Silva &amp; Ca, Lda","description":"Constru\u00e7\u00e3o Civil e Obras P\u00fablicas - Joane - Vila Nova de Famalic\u00e3o","potentialAction":[{"@type":"SearchAction","target":{"@type":"EntryPoint","urlTemplate":"https:\/\/ribeirodasilva.com\/en\/?s={search_term_string}"},"query-input":{"@type":"PropertyValueSpecification","valueRequired":true,"valueName":"search_term_string"}}],"inLanguage":"en-US"}]}},"_links":{"self":[{"href":"https:\/\/ribeirodasilva.com\/en\/wp-json\/wp\/v2\/pages\/725","targetHints":{"allow":["GET"]}}],"collection":[{"href":"https:\/\/ribeirodasilva.com\/en\/wp-json\/wp\/v2\/pages"}],"about":[{"href":"https:\/\/ribeirodasilva.com\/en\/wp-json\/wp\/v2\/types\/page"}],"author":[{"embeddable":true,"href":"https:\/\/ribeirodasilva.com\/en\/wp-json\/wp\/v2\/users\/1"}],"replies":[{"embeddable":true,"href":"https:\/\/ribeirodasilva.com\/en\/wp-json\/wp\/v2\/comments?post=725"}],"version-history":[{"count":2,"href":"https:\/\/ribeirodasilva.com\/en\/wp-json\/wp\/v2\/pages\/725\/revisions"}],"predecessor-version":[{"id":728,"href":"https:\/\/ribeirodasilva.com\/en\/wp-json\/wp\/v2\/pages\/725\/revisions\/728"}],"wp:attachment":[{"href":"https:\/\/ribeirodasilva.com\/en\/wp-json\/wp\/v2\/media?parent=725"}],"curies":[{"name":"wp","href":"https:\/\/api.w.org\/{rel}","templated":true}]}}