{"id":438,"date":"2021-07-16T15:44:10","date_gmt":"2021-07-16T15:44:10","guid":{"rendered":"https:\/\/ribeirodasilva.com\/?page_id=438"},"modified":"2023-01-02T17:04:22","modified_gmt":"2023-01-02T17:04:22","slug":"contacts","status":"publish","type":"page","link":"https:\/\/ribeirodasilva.com\/en\/contacts\/","title":{"rendered":"Contacts"},"content":{"rendered":"<p>[vc_section][vc_row full_width=&#8221;stretch_row_content_no_spaces&#8221;][vc_column][vc_gmaps link=&#8221;#E-8_JTNDaWZyYW1lJTIwc3JjJTNEJTIyaHR0cHMlM0ElMkYlMkZ3d3cuZ29vZ2xlLmNvbSUyRm1hcHMlMkZlbWJlZCUzRnBiJTNEJTIxMW0xNCUyMTFtOCUyMTFtMyUyMTFkMTE5NjUuNTI2MDExNDQxMjI3JTIxMmQtOC40MjAzNTUlMjEzZDQxLjQzMDk0MyUyMTNtMiUyMTFpMTAyNCUyMTJpNzY4JTIxNGYxMy4xJTIxM20zJTIxMW0yJTIxMXMweDAlMjUzQTB4NzAxZjAzYmRkMWEyYzM5ZiUyMTJzUmliZWlybyUyNTIwZGElMjUyMFNpbHZhJTI1MjAlMjUyNiUyNTIwQ2ElMjUyMExkYSUyMTVlMCUyMTNtMiUyMTFzZW4lMjEyc3B0JTIxNHYxNjI2MTg4NTUxOTA1JTIxNW0yJTIxMXNlbiUyMTJzcHQlMjIlMjB3aWR0aCUzRCUyMjYwMCUyMiUyMGhlaWdodCUzRCUyMjY1MCUyMiUyMHN0eWxlJTNEJTIyYm9yZGVyJTNBMCUzQiUyMiUyMGFsbG93ZnVsbHNjcmVlbiUzRCUyMiUyMiUyMGxvYWRpbmclM0QlMjJsYXp5JTIyJTNFJTNDJTJGaWZyYW1lJTNF&#8221;][\/vc_column][\/vc_row][\/vc_section][vc_section][vc_row][vc_column offset=&#8221;vc_col-lg-3\/5 vc_col-md-3\/5&#8243;]<div class=\"ult-spacer spacer-69f4a821c7cc4\" data-id=\"69f4a821c7cc4\" data-height=\"130\" data-height-mobile=\"130\" data-height-tab=\"130\" data-height-tab-portrait=\"\" data-height-mobile-landscape=\"\" style=\"clear:both;display:block;\"><\/div>[vc_custom_heading text=&#8221;We value proximity; here are some bridges that lead you to us.&#8221; font_container=&#8221;tag:h4|font_size:40px|text_align:left|color:%23000000&#8243; google_fonts=&#8221;font_family:Roboto%3A100%2C100italic%2C300%2C300italic%2Cregular%2Citalic%2C500%2C500italic%2C700%2C700italic%2C900%2C900italic|font_style:400%20regular%3A400%3Anormal&#8221; el_class=&#8221;bbd-mobile-text-size&#8221;]<div id=\"ultimate-heading-477569f4a821c808f\" class=\"uvc-heading ult-adjust-bottom-margin ultimate-heading-477569f4a821c808f uvc-3265 \" data-hspacer=\"no_spacer\"  data-halign=\"left\" style=\"text-align:left\"><div class=\"uvc-heading-spacer no_spacer\" style=\"top\"><\/div><div class=\"uvc-main-heading ult-responsive\"  data-ultimate-target='.uvc-heading.ultimate-heading-477569f4a821c808f h1'  data-responsive-json-new='{\"font-size\":\"desktop:90px;tablet:80px;tablet_portrait:70px;mobile_landscape:70px;mobile:55px;\",\"line-height\":\"\"}' ><h1 style=\"font-weight:normal;\">Contact us.<\/h1><\/div><\/div><div class=\"ult-spacer spacer-69f4a821c815a\" data-id=\"69f4a821c815a\" data-height=\"160\" data-height-mobile=\"160\" data-height-tab=\"160\" data-height-tab-portrait=\"\" data-height-mobile-landscape=\"\" style=\"clear:both;display:block;\"><\/div>[\/vc_column][\/vc_row][vc_row][vc_column offset=&#8221;vc_col-lg-5 vc_col-md-5 vc_col-xs-12&#8243;]<div class=\"vlthemes_custom_69f4a821c81a1   vlt-animation-block\" data-aos=\"fade\" data-aos-delay=\"0\">[vc_custom_heading text=&#8221;Ribeiro da Silva &amp; Ca Lda&#8221; font_container=&#8221;tag:h4|font_size:35px|text_align:left|color:%23000000&#8243; google_fonts=&#8221;font_family:Roboto%3A100%2C100italic%2C300%2C300italic%2Cregular%2Citalic%2C500%2C500italic%2C700%2C700italic%2C900%2C900italic|font_style:500%20bold%20regular%3A500%3Anormal&#8221;]<div class=\"ult-spacer spacer-69f4a821c8284\" data-id=\"69f4a821c8284\" data-height=\"35\" data-height-mobile=\"35\" data-height-tab=\"35\" data-height-tab-portrait=\"\" data-height-mobile-landscape=\"\" style=\"clear:both;display:block;\"><\/div>[vc_column_text css=&#8221;.vc_custom_1626952162035{margin-bottom: 0px !important;}&#8221; el_class=&#8221;vlt-custom&#8211;2945&#8243;]<a href=\"mailto:geral@ribeirodasilva.com\">E-mail: geral@ribeirodasilva.com<br \/>\n<\/a><\/p>\n<p><a href=\"tel:+351 252 921 398\">Tel.\u00a0 +351 252 921 398<\/a>[\/vc_column_text][vc_column_text css=&#8221;.vc_custom_1672679056724{margin-bottom: 0px !important;}&#8221; el_class=&#8221;vlt-custom&#8211;2945&#8243;]<span style=\"font-size: 12px;\">Calls to the fixed network according to the conditions of your plan.<\/span>[\/vc_column_text]<div class=\"ult-spacer spacer-69f4a821c82f8\" data-id=\"69f4a821c82f8\" data-height=\"50\" data-height-mobile=\"50\" data-height-tab=\"50\" data-height-tab-portrait=\"\" data-height-mobile-landscape=\"\" style=\"clear:both;display:block;\"><\/div>[vc_column_text css=&#8221;.vc_custom_1626190066378{margin-bottom: 0px !important;}&#8221; el_class=&#8221;vlt-custom&#8211;2945&#8243;]Avenida de Laborins n\u00ba295 1\u00baDt<br \/>\n4770-219 Joane[\/vc_column_text]<\/div><div class=\"ult-spacer spacer-69f4a821c8338\" data-id=\"69f4a821c8338\" data-height=\"\" data-height-mobile=\"\" data-height-tab=\"70\" data-height-tab-portrait=\"\" data-height-mobile-landscape=\"\" style=\"clear:both;display:block;\"><\/div>[\/vc_column][vc_column offset=&#8221;vc_col-lg-7 vc_col-md-7 vc_col-xs-12&#8243;]<div class=\"vlthemes_custom_69f4a821c836a   vlt-animation-block\" data-aos=\"fade\" data-aos-delay=\"100\">[vc_custom_heading text=&#8221;Send us a message&#8221; font_container=&#8221;tag:h4|font_size:35px|text_align:left|color:%23666666&#8243; google_fonts=&#8221;font_family:Roboto%3A100%2C100italic%2C300%2C300italic%2Cregular%2Citalic%2C500%2C500italic%2C700%2C700italic%2C900%2C900italic|font_style:400%20regular%3A400%3Anormal&#8221;]<div class=\"ult-spacer spacer-69f4a821c8482\" data-id=\"69f4a821c8482\" data-height=\"70\" data-height-mobile=\"70\" data-height-tab=\"70\" data-height-tab-portrait=\"\" data-height-mobile-landscape=\"\" style=\"clear:both;display:block;\"><\/div><div class=\"vlthemes_custom_69f4a821c84ae   \">\n<div class=\"wpcf7 no-js\" id=\"wpcf7-f442-o1\" lang=\"en-US\" dir=\"ltr\" data-wpcf7-id=\"442\">\n<div class=\"screen-reader-response\"><p role=\"status\" aria-live=\"polite\" aria-atomic=\"true\"><\/p> <ul><\/ul><\/div>\n<form action=\"\/en\/wp-json\/wp\/v2\/pages\/438#wpcf7-f442-o1\" method=\"post\" class=\"wpcf7-form init\" aria-label=\"Contact form\" novalidate=\"novalidate\" data-status=\"init\">\n<fieldset class=\"hidden-fields-container\"><input type=\"hidden\" name=\"_wpcf7\" value=\"442\" \/><input type=\"hidden\" name=\"_wpcf7_version\" value=\"6.1.5\" \/><input type=\"hidden\" name=\"_wpcf7_locale\" value=\"en_US\" \/><input type=\"hidden\" name=\"_wpcf7_unit_tag\" value=\"wpcf7-f442-o1\" \/><input type=\"hidden\" name=\"_wpcf7_container_post\" value=\"0\" \/><input type=\"hidden\" name=\"_wpcf7_posted_data_hash\" value=\"\" \/><input type=\"hidden\" name=\"_wpcf7_recaptcha_response\" value=\"\" \/>\n<\/fieldset>\n<div class=\"bbd-contact-form-name\">\n\t<p><span class=\"wpcf7-form-control-wrap\" data-name=\"your-name\"><input size=\"40\" maxlength=\"400\" class=\"wpcf7-form-control wpcf7-text wpcf7-validates-as-required\" aria-required=\"true\" aria-invalid=\"false\" placeholder=\"Name\" value=\"\" type=\"text\" name=\"your-name\" \/><\/span>\n\t<\/p>\n<\/div>\n<div class=\"bbd-contact-form-email\">\n\t<p><span class=\"wpcf7-form-control-wrap\" data-name=\"your-email\"><input size=\"40\" maxlength=\"400\" class=\"wpcf7-form-control wpcf7-email wpcf7-validates-as-required wpcf7-text wpcf7-validates-as-email\" aria-required=\"true\" aria-invalid=\"false\" placeholder=\"Email\" value=\"\" type=\"email\" name=\"your-email\" \/><\/span>\n\t<\/p>\n<\/div>\n<div>\n\t<p><span class=\"wpcf7-form-control-wrap\" data-name=\"your-message\"><textarea cols=\"40\" rows=\"8\" maxlength=\"2000\" class=\"wpcf7-form-control wpcf7-textarea\" aria-invalid=\"false\" placeholder=\"Message\" name=\"your-message\"><\/textarea><\/span>\n\t<\/p>\n<\/div>\n<div class=\"bbd-contact-form-button\">\n\t<p><input class=\"wpcf7-form-control wpcf7-submit has-spinner\" type=\"submit\" value=\"Submit\" \/>\n\t<\/p>\n<\/div><div class=\"wpcf7-response-output\" aria-hidden=\"true\"><\/div>\n<\/form>\n<\/div>\n<\/div><\/div>[\/vc_column][\/vc_row][\/vc_section][vc_row][vc_column]<div class=\"ult-spacer spacer-69f4a821c9626\" data-id=\"69f4a821c9626\" data-height=\"130\" data-height-mobile=\"130\" data-height-tab=\"130\" data-height-tab-portrait=\"\" data-height-mobile-landscape=\"\" style=\"clear:both;display:block;\"><\/div>[\/vc_column][\/vc_row]<\/p>\n","protected":false},"excerpt":{"rendered":"<p>[vc_section][vc_row full_width=&#8221;stretch_row_content_no_spaces&#8221;][vc_column][vc_gmaps link=&#8221;#E-8_JTNDaWZyYW1lJTIwc3JjJTNEJTIyaHR0cHMlM0ElMkYlMkZ3d3cuZ29vZ2xlLmNvbSUyRm1hcHMlMkZlbWJlZCUzRnBiJTNEJTIxMW0xNCUyMTFtOCUyMTFtMyUyMTFkMTE5NjUuNTI2MDExNDQxMjI3JTIxMmQtOC40MjAzNTUlMjEzZDQxLjQzMDk0MyUyMTNtMiUyMTFpMTAyNCUyMTJpNzY4JTIxNGYxMy4xJTIxM20zJTIxMW0yJTIxMXMweDAlMjUzQTB4NzAxZjAzYmRkMWEyYzM5ZiUyMTJzUmliZWlybyUyNTIwZGElMjUyMFNpbHZhJTI1MjAlMjUyNiUyNTIwQ2ElMjUyMExkYSUyMTVlMCUyMTNtMiUyMTFzZW4lMjEyc3B0JTIxNHYxNjI2MTg4NTUxOTA1JTIxNW0yJTIxMXNlbiUyMTJzcHQlMjIlMjB3aWR0aCUzRCUyMjYwMCUyMiUyMGhlaWdodCUzRCUyMjY1MCUyMiUyMHN0eWxlJTNEJTIyYm9yZGVyJTNBMCUzQiUyMiUyMGFsbG93ZnVsbHNjcmVlbiUzRCUyMiUyMiUyMGxvYWRpbmclM0QlMjJsYXp5JTIyJTNFJTNDJTJGaWZyYW1lJTNF&#8221;][\/vc_column][\/vc_row][\/vc_section][vc_section][vc_row][vc_column offset=&#8221;vc_col-lg-3\/5 vc_col-md-3\/5&#8243;][vc_custom_heading text=&#8221;We value proximity; here are some bridges that lead you to us.&#8221; font_container=&#8221;tag:h4|font_size:40px|text_align:left|color:%23000000&#8243; google_fonts=&#8221;font_family:Roboto%3A100%2C100italic%2C300%2C300italic%2Cregular%2Citalic%2C500%2C500italic%2C700%2C700italic%2C900%2C900italic|font_style:400%20regular%3A400%3Anormal&#8221; el_class=&#8221;bbd-mobile-text-size&#8221;][\/vc_column][\/vc_row][vc_row][vc_column offset=&#8221;vc_col-lg-5 vc_col-md-5 vc_col-xs-12&#8243;][\/vc_column][vc_column offset=&#8221;vc_col-lg-7 vc_col-md-7 vc_col-xs-12&#8243;][\/vc_column][\/vc_row][\/vc_section][vc_row][vc_column][\/vc_column][\/vc_row]<\/p>\n","protected":false},"author":1,"featured_media":0,"parent":0,"menu_order":0,"comment_status":"closed","ping_status":"closed","template":"template-custom-page.php","meta":{"_vp_format_video_url":"","_vp_image_focal_point":[],"footnotes":""},"class_list":["post-438","page","type-page","status-publish","hentry"],"yoast_head":"<!-- This site is optimized with the Yoast SEO plugin v27.5 - https:\/\/yoast.com\/product\/yoast-seo-wordpress\/ -->\n<title>Contacts - Ribeiro da Silva &amp; Ca, Lda<\/title>\n<meta name=\"robots\" content=\"index, follow, max-snippet:-1, max-image-preview:large, max-video-preview:-1\" \/>\n<link rel=\"canonical\" href=\"https:\/\/ribeirodasilva.com\/en\/contacts\/\" \/>\n<meta property=\"og:locale\" content=\"en_US\" \/>\n<meta property=\"og:type\" content=\"article\" \/>\n<meta property=\"og:title\" content=\"Contacts - Ribeiro da Silva &amp; Ca, Lda\" \/>\n<meta property=\"og:description\" content=\"[vc_section][vc_row full_width=&#8221;stretch_row_content_no_spaces&#8221;][vc_column][vc_gmaps link=&#8221;#E-8_JTNDaWZyYW1lJTIwc3JjJTNEJTIyaHR0cHMlM0ElMkYlMkZ3d3cuZ29vZ2xlLmNvbSUyRm1hcHMlMkZlbWJlZCUzRnBiJTNEJTIxMW0xNCUyMTFtOCUyMTFtMyUyMTFkMTE5NjUuNTI2MDExNDQxMjI3JTIxMmQtOC40MjAzNTUlMjEzZDQxLjQzMDk0MyUyMTNtMiUyMTFpMTAyNCUyMTJpNzY4JTIxNGYxMy4xJTIxM20zJTIxMW0yJTIxMXMweDAlMjUzQTB4NzAxZjAzYmRkMWEyYzM5ZiUyMTJzUmliZWlybyUyNTIwZGElMjUyMFNpbHZhJTI1MjAlMjUyNiUyNTIwQ2ElMjUyMExkYSUyMTVlMCUyMTNtMiUyMTFzZW4lMjEyc3B0JTIxNHYxNjI2MTg4NTUxOTA1JTIxNW0yJTIxMXNlbiUyMTJzcHQlMjIlMjB3aWR0aCUzRCUyMjYwMCUyMiUyMGhlaWdodCUzRCUyMjY1MCUyMiUyMHN0eWxlJTNEJTIyYm9yZGVyJTNBMCUzQiUyMiUyMGFsbG93ZnVsbHNjcmVlbiUzRCUyMiUyMiUyMGxvYWRpbmclM0QlMjJsYXp5JTIyJTNFJTNDJTJGaWZyYW1lJTNF&#8221;][\/vc_column][\/vc_row][\/vc_section][vc_section][vc_row][vc_column offset=&#8221;vc_col-lg-3\/5 vc_col-md-3\/5&#8243;][vc_custom_heading text=&#8221;We value proximity; here are some bridges that lead you to us.&#8221; font_container=&#8221;tag:h4|font_size:40px|text_align:left|color:%23000000&#8243; google_fonts=&#8221;font_family:Roboto%3A100%2C100italic%2C300%2C300italic%2Cregular%2Citalic%2C500%2C500italic%2C700%2C700italic%2C900%2C900italic|font_style:400%20regular%3A400%3Anormal&#8221; el_class=&#8221;bbd-mobile-text-size&#8221;][\/vc_column][\/vc_row][vc_row][vc_column offset=&#8221;vc_col-lg-5 vc_col-md-5 vc_col-xs-12&#8243;][\/vc_column][vc_column offset=&#8221;vc_col-lg-7 vc_col-md-7 vc_col-xs-12&#8243;][\/vc_column][\/vc_row][\/vc_section][vc_row][vc_column][\/vc_column][\/vc_row]\" \/>\n<meta property=\"og:url\" content=\"https:\/\/ribeirodasilva.com\/en\/contacts\/\" \/>\n<meta property=\"og:site_name\" content=\"Ribeiro da Silva &amp; Ca, Lda\" \/>\n<meta property=\"article:modified_time\" content=\"2023-01-02T17:04:22+00:00\" \/>\n<meta name=\"twitter:card\" content=\"summary_large_image\" \/>\n<meta name=\"twitter:label1\" content=\"Est. reading time\" \/>\n\t<meta name=\"twitter:data1\" content=\"1 minute\" \/>\n<script type=\"application\/ld+json\" class=\"yoast-schema-graph\">{\"@context\":\"https:\\\/\\\/schema.org\",\"@graph\":[{\"@type\":\"WebPage\",\"@id\":\"https:\\\/\\\/ribeirodasilva.com\\\/en\\\/contacts\\\/\",\"url\":\"https:\\\/\\\/ribeirodasilva.com\\\/en\\\/contacts\\\/\",\"name\":\"Contacts - Ribeiro da Silva &amp; Ca, Lda\",\"isPartOf\":{\"@id\":\"https:\\\/\\\/ribeirodasilva.com\\\/en\\\/#website\"},\"datePublished\":\"2021-07-16T15:44:10+00:00\",\"dateModified\":\"2023-01-02T17:04:22+00:00\",\"breadcrumb\":{\"@id\":\"https:\\\/\\\/ribeirodasilva.com\\\/en\\\/contacts\\\/#breadcrumb\"},\"inLanguage\":\"en-US\",\"potentialAction\":[{\"@type\":\"ReadAction\",\"target\":[\"https:\\\/\\\/ribeirodasilva.com\\\/en\\\/contacts\\\/\"]}]},{\"@type\":\"BreadcrumbList\",\"@id\":\"https:\\\/\\\/ribeirodasilva.com\\\/en\\\/contacts\\\/#breadcrumb\",\"itemListElement\":[{\"@type\":\"ListItem\",\"position\":1,\"name\":\"Home\",\"item\":\"https:\\\/\\\/ribeirodasilva.com\\\/en\\\/\"},{\"@type\":\"ListItem\",\"position\":2,\"name\":\"Contacts\"}]},{\"@type\":\"WebSite\",\"@id\":\"https:\\\/\\\/ribeirodasilva.com\\\/en\\\/#website\",\"url\":\"https:\\\/\\\/ribeirodasilva.com\\\/en\\\/\",\"name\":\"Ribeiro da Silva &amp; Ca, Lda\",\"description\":\"Constru\u00e7\u00e3o Civil e Obras P\u00fablicas - Joane - Vila Nova de Famalic\u00e3o\",\"potentialAction\":[{\"@type\":\"SearchAction\",\"target\":{\"@type\":\"EntryPoint\",\"urlTemplate\":\"https:\\\/\\\/ribeirodasilva.com\\\/en\\\/?s={search_term_string}\"},\"query-input\":{\"@type\":\"PropertyValueSpecification\",\"valueRequired\":true,\"valueName\":\"search_term_string\"}}],\"inLanguage\":\"en-US\"}]}<\/script>\n<!-- \/ Yoast SEO plugin. -->","yoast_head_json":{"title":"Contacts - Ribeiro da Silva &amp; Ca, Lda","robots":{"index":"index","follow":"follow","max-snippet":"max-snippet:-1","max-image-preview":"max-image-preview:large","max-video-preview":"max-video-preview:-1"},"canonical":"https:\/\/ribeirodasilva.com\/en\/contacts\/","og_locale":"en_US","og_type":"article","og_title":"Contacts - Ribeiro da Silva &amp; Ca, Lda","og_description":"[vc_section][vc_row full_width=&#8221;stretch_row_content_no_spaces&#8221;][vc_column][vc_gmaps link=&#8221;#E-8_JTNDaWZyYW1lJTIwc3JjJTNEJTIyaHR0cHMlM0ElMkYlMkZ3d3cuZ29vZ2xlLmNvbSUyRm1hcHMlMkZlbWJlZCUzRnBiJTNEJTIxMW0xNCUyMTFtOCUyMTFtMyUyMTFkMTE5NjUuNTI2MDExNDQxMjI3JTIxMmQtOC40MjAzNTUlMjEzZDQxLjQzMDk0MyUyMTNtMiUyMTFpMTAyNCUyMTJpNzY4JTIxNGYxMy4xJTIxM20zJTIxMW0yJTIxMXMweDAlMjUzQTB4NzAxZjAzYmRkMWEyYzM5ZiUyMTJzUmliZWlybyUyNTIwZGElMjUyMFNpbHZhJTI1MjAlMjUyNiUyNTIwQ2ElMjUyMExkYSUyMTVlMCUyMTNtMiUyMTFzZW4lMjEyc3B0JTIxNHYxNjI2MTg4NTUxOTA1JTIxNW0yJTIxMXNlbiUyMTJzcHQlMjIlMjB3aWR0aCUzRCUyMjYwMCUyMiUyMGhlaWdodCUzRCUyMjY1MCUyMiUyMHN0eWxlJTNEJTIyYm9yZGVyJTNBMCUzQiUyMiUyMGFsbG93ZnVsbHNjcmVlbiUzRCUyMiUyMiUyMGxvYWRpbmclM0QlMjJsYXp5JTIyJTNFJTNDJTJGaWZyYW1lJTNF&#8221;][\/vc_column][\/vc_row][\/vc_section][vc_section][vc_row][vc_column offset=&#8221;vc_col-lg-3\/5 vc_col-md-3\/5&#8243;][vc_custom_heading text=&#8221;We value proximity; here are some bridges that lead you to us.&#8221; font_container=&#8221;tag:h4|font_size:40px|text_align:left|color:%23000000&#8243; google_fonts=&#8221;font_family:Roboto%3A100%2C100italic%2C300%2C300italic%2Cregular%2Citalic%2C500%2C500italic%2C700%2C700italic%2C900%2C900italic|font_style:400%20regular%3A400%3Anormal&#8221; el_class=&#8221;bbd-mobile-text-size&#8221;][\/vc_column][\/vc_row][vc_row][vc_column offset=&#8221;vc_col-lg-5 vc_col-md-5 vc_col-xs-12&#8243;][\/vc_column][vc_column offset=&#8221;vc_col-lg-7 vc_col-md-7 vc_col-xs-12&#8243;][\/vc_column][\/vc_row][\/vc_section][vc_row][vc_column][\/vc_column][\/vc_row]","og_url":"https:\/\/ribeirodasilva.com\/en\/contacts\/","og_site_name":"Ribeiro da Silva &amp; Ca, Lda","article_modified_time":"2023-01-02T17:04:22+00:00","twitter_card":"summary_large_image","twitter_misc":{"Est. reading time":"1 minute"},"schema":{"@context":"https:\/\/schema.org","@graph":[{"@type":"WebPage","@id":"https:\/\/ribeirodasilva.com\/en\/contacts\/","url":"https:\/\/ribeirodasilva.com\/en\/contacts\/","name":"Contacts - Ribeiro da Silva &amp; Ca, Lda","isPartOf":{"@id":"https:\/\/ribeirodasilva.com\/en\/#website"},"datePublished":"2021-07-16T15:44:10+00:00","dateModified":"2023-01-02T17:04:22+00:00","breadcrumb":{"@id":"https:\/\/ribeirodasilva.com\/en\/contacts\/#breadcrumb"},"inLanguage":"en-US","potentialAction":[{"@type":"ReadAction","target":["https:\/\/ribeirodasilva.com\/en\/contacts\/"]}]},{"@type":"BreadcrumbList","@id":"https:\/\/ribeirodasilva.com\/en\/contacts\/#breadcrumb","itemListElement":[{"@type":"ListItem","position":1,"name":"Home","item":"https:\/\/ribeirodasilva.com\/en\/"},{"@type":"ListItem","position":2,"name":"Contacts"}]},{"@type":"WebSite","@id":"https:\/\/ribeirodasilva.com\/en\/#website","url":"https:\/\/ribeirodasilva.com\/en\/","name":"Ribeiro da Silva &amp; Ca, Lda","description":"Constru\u00e7\u00e3o Civil e Obras P\u00fablicas - Joane - Vila Nova de Famalic\u00e3o","potentialAction":[{"@type":"SearchAction","target":{"@type":"EntryPoint","urlTemplate":"https:\/\/ribeirodasilva.com\/en\/?s={search_term_string}"},"query-input":{"@type":"PropertyValueSpecification","valueRequired":true,"valueName":"search_term_string"}}],"inLanguage":"en-US"}]}},"_links":{"self":[{"href":"https:\/\/ribeirodasilva.com\/en\/wp-json\/wp\/v2\/pages\/438","targetHints":{"allow":["GET"]}}],"collection":[{"href":"https:\/\/ribeirodasilva.com\/en\/wp-json\/wp\/v2\/pages"}],"about":[{"href":"https:\/\/ribeirodasilva.com\/en\/wp-json\/wp\/v2\/types\/page"}],"author":[{"embeddable":true,"href":"https:\/\/ribeirodasilva.com\/en\/wp-json\/wp\/v2\/users\/1"}],"replies":[{"embeddable":true,"href":"https:\/\/ribeirodasilva.com\/en\/wp-json\/wp\/v2\/comments?post=438"}],"version-history":[{"count":6,"href":"https:\/\/ribeirodasilva.com\/en\/wp-json\/wp\/v2\/pages\/438\/revisions"}],"predecessor-version":[{"id":4966,"href":"https:\/\/ribeirodasilva.com\/en\/wp-json\/wp\/v2\/pages\/438\/revisions\/4966"}],"wp:attachment":[{"href":"https:\/\/ribeirodasilva.com\/en\/wp-json\/wp\/v2\/media?parent=438"}],"curies":[{"name":"wp","href":"https:\/\/api.w.org\/{rel}","templated":true}]}}