{"id":429,"date":"2021-07-16T15:36:50","date_gmt":"2021-07-16T15:36:50","guid":{"rendered":"https:\/\/ribeirodasilva.com\/?page_id=429"},"modified":"2021-07-16T15:38:48","modified_gmt":"2021-07-16T15:38:48","slug":"human-capital","status":"publish","type":"page","link":"https:\/\/ribeirodasilva.com\/en\/human-capital\/","title":{"rendered":"Human Capital"},"content":{"rendered":"<p>[vc_section][vc_row full_width=&#8221;stretch_row_content_no_spaces&#8221;][vc_column]<div class=\"vlthemes_custom_6a0398aa69e29   vlt-page-title-empty jarallax\"><img loading=\"lazy\" decoding=\"async\" width=\"1920\" height=\"540\" src=\"https:\/\/ribeirodasilva.com\/wp-content\/uploads\/2021\/07\/banner-capital-humano.jpg\" class=\"jarallax-img\" alt=\"\" srcset=\"\" \/><\/div>[\/vc_column][\/vc_row][\/vc_section][vc_section][vc_row][vc_column]<div class=\"ult-spacer spacer-6a0398aa6a46c\" data-id=\"6a0398aa6a46c\" data-height=\"140\" data-height-mobile=\"140\" data-height-tab=\"140\" data-height-tab-portrait=\"\" data-height-mobile-landscape=\"\" style=\"clear:both;display:block;\"><\/div>[\/vc_column][\/vc_row][vc_row][vc_column][vc_row_inner][vc_column_inner el_class=&#8221;bbd-capital-humano-section-1&#8243; css=&#8221;.vc_custom_1626429596642{padding-right: 60px !important;}&#8221; offset=&#8221;vc_col-lg-6 vc_col-md-12 vc_col-xs-12&#8243;]<div id=\"ultimate-heading-11856a0398aa6a4b7\" class=\"uvc-heading ult-adjust-bottom-margin ultimate-heading-11856a0398aa6a4b7 uvc-1661 bbd-capital-humano-title-1\" data-hspacer=\"no_spacer\"  data-halign=\"left\" style=\"text-align:left\"><div class=\"uvc-heading-spacer no_spacer\" style=\"top\"><\/div><div class=\"uvc-main-heading ult-responsive\"  data-ultimate-target='.uvc-heading.ultimate-heading-11856a0398aa6a4b7 h2'  data-responsive-json-new='{\"font-size\":\"desktop:70px;tablet:65px;tablet_portrait:60px;mobile_landscape:55px;mobile:48px;\",\"line-height\":\"desktop:80px;tablet:70px;tablet_portrait:65px;mobile_landscape:60px;mobile:50px;\"}' ><h2 style=\"font-weight:normal;\">The most special work of all:<\/h2><\/div><\/div><div id=\"ultimate-heading-95886a0398aa6a4f6\" class=\"uvc-heading ult-adjust-bottom-margin ultimate-heading-95886a0398aa6a4f6 uvc-1423 bbd-font-weight-medium bbd-capital-humano-title-2\" data-hspacer=\"no_spacer\"  data-halign=\"left\" style=\"text-align:left\"><div class=\"uvc-heading-spacer no_spacer\" style=\"top\"><\/div><div class=\"uvc-main-heading ult-responsive\"  data-ultimate-target='.uvc-heading.ultimate-heading-95886a0398aa6a4f6 h2'  data-responsive-json-new='{\"font-size\":\"desktop:90px;tablet:80px;tablet_portrait:75px;mobile_landscape:65px;mobile:51px;\",\"line-height\":\"desktop:85px;tablet:75px;tablet_portrait:70px;mobile_landscape:60px;mobile:50px;\"}' ><h2 style=\"font-weight:normal;\">the development of human capital<\/h2><\/div><\/div><div class=\"ult-spacer spacer-6a0398aa6a51f\" data-id=\"6a0398aa6a51f\" data-height=\"60\" data-height-mobile=\"60\" data-height-tab=\"60\" data-height-tab-portrait=\"\" data-height-mobile-landscape=\"\" style=\"clear:both;display:block;\"><\/div>[vc_column_text]No work can be created without a consistent and thoughtful design. And this is a premise that we foster indoors.[\/vc_column_text][vc_column_text]Thus, we believe that the genesis of a consistent, conscious and focused attitude lies in the development of the people who are part of our organization.[\/vc_column_text][\/vc_column_inner][vc_column_inner css=&#8221;.vc_custom_1626428338989{padding-right: 45px !important;padding-left: 45px !important;background-color: #e2e2e2 !important;}&#8221; offset=&#8221;vc_col-lg-6 vc_col-md-12 vc_col-xs-12&#8243;]<div class=\"ult-spacer spacer-6a0398aa6a53c\" data-id=\"6a0398aa6a53c\" data-height=\"60\" data-height-mobile=\"60\" data-height-tab=\"60\" data-height-tab-portrait=\"\" data-height-mobile-landscape=\"\" style=\"clear:both;display:block;\"><\/div>[vc_column_text css=&#8221;.vc_custom_1626449875478{padding-right: 100px !important;padding-left: 100px !important;}&#8221; el_class=&#8221;bbd-capital-humano-p-form&#8221;]<\/p>\n<p style=\"text-align: center;\">Get your dream out of the drawer and get to work: send us your application and come build your career here!<\/p>\n<p>[\/vc_column_text]<div class=\"ult-spacer spacer-6a0398aa6a559\" data-id=\"6a0398aa6a559\" data-height=\"40\" data-height-mobile=\"40\" data-height-tab=\"40\" data-height-tab-portrait=\"\" data-height-mobile-landscape=\"\" style=\"clear:both;display:block;\"><\/div><div class=\"vlthemes_custom_6a0398aa6a576   \">\n<div class=\"wpcf7 no-js\" id=\"wpcf7-f433-o1\" lang=\"en-US\" dir=\"ltr\" data-wpcf7-id=\"433\">\n<div class=\"screen-reader-response\"><p role=\"status\" aria-live=\"polite\" aria-atomic=\"true\"><\/p> <ul><\/ul><\/div>\n<form action=\"\/en\/wp-json\/wp\/v2\/pages\/429#wpcf7-f433-o1\" method=\"post\" class=\"wpcf7-form init\" aria-label=\"Contact form\" enctype=\"multipart\/form-data\" novalidate=\"novalidate\" data-status=\"init\">\n<fieldset class=\"hidden-fields-container\"><input type=\"hidden\" name=\"_wpcf7\" value=\"433\" \/><input type=\"hidden\" name=\"_wpcf7_version\" value=\"6.1.5\" \/><input type=\"hidden\" name=\"_wpcf7_locale\" value=\"en_US\" \/><input type=\"hidden\" name=\"_wpcf7_unit_tag\" value=\"wpcf7-f433-o1\" \/><input type=\"hidden\" name=\"_wpcf7_container_post\" value=\"0\" \/><input type=\"hidden\" name=\"_wpcf7_posted_data_hash\" value=\"\" \/><input type=\"hidden\" name=\"_wpcf7_recaptcha_response\" value=\"\" \/>\n<\/fieldset>\n<div class=\"bbd-capital-form\">\n\t<div class=\"bbd-capital-form-name\">\n\t\t<p><span class=\"wpcf7-form-control-wrap\" data-name=\"your-name\"><input size=\"40\" maxlength=\"400\" class=\"wpcf7-form-control wpcf7-text wpcf7-validates-as-required\" aria-required=\"true\" aria-invalid=\"false\" placeholder=\"Name\" value=\"\" type=\"text\" name=\"your-name\" \/><\/span>\n\t\t<\/p>\n\t<\/div>\n\t<div class=\"bbd-capital-form-date\">\n\t\t<p><span class=\"wpcf7-form-control-wrap\" data-name=\"date-nasc\"><input class=\"wpcf7-form-control wpcf7-date wpcf7-validates-as-required wpcf7-validates-as-date\" aria-required=\"true\" aria-invalid=\"false\" placeholder=\"DD\/MM\/YY\" value=\"\" type=\"date\" name=\"date-nasc\" \/><\/span>\n\t\t<\/p>\n\t<\/div>\n\t<div class=\"bbd-capital-form-email\">\n\t\t<p><span class=\"wpcf7-form-control-wrap\" data-name=\"your-email\"><input size=\"40\" maxlength=\"400\" class=\"wpcf7-form-control wpcf7-email wpcf7-validates-as-required wpcf7-text wpcf7-validates-as-email\" aria-required=\"true\" aria-invalid=\"false\" placeholder=\"Email\" value=\"\" type=\"email\" name=\"your-email\" \/><\/span>\n\t\t<\/p>\n\t<\/div>\n\t<div class=\"bbd-capital-form-tel\">\n\t\t<p><span class=\"wpcf7-form-control-wrap\" data-name=\"tel-01\"><input size=\"40\" maxlength=\"400\" class=\"wpcf7-form-control wpcf7-tel wpcf7-text wpcf7-validates-as-tel\" aria-invalid=\"false\" placeholder=\"Telephone\" value=\"\" type=\"tel\" name=\"tel-01\" \/><\/span>\n\t\t<\/p>\n\t<\/div>\n\t<div>\n\t\t<p><span class=\"wpcf7-form-control-wrap\" data-name=\"your-message\"><textarea cols=\"40\" rows=\"6\" maxlength=\"2000\" class=\"wpcf7-form-control wpcf7-textarea\" aria-invalid=\"false\" placeholder=\"Message\" name=\"your-message\"><\/textarea><\/span>\n\t\t<\/p>\n\t<\/div>\n\t<div class=\"bbd-contact-form-button-file\">\n\t\t<p><span class=\"wpcf7-form-control-wrap\" data-name=\"file-265\"><input size=\"40\" class=\"wpcf7-form-control wpcf7-file bbd-file-upload\" id=\"bbd-file-upload\" accept=\".pdf\" aria-invalid=\"false\" type=\"file\" name=\"file-265\" \/><\/span><br \/>\n<label class=\"bbd-file-label\" for=\"bbd-file-upload\">Upload CV<\/label><br \/>\n<label class=\"bbd-file-label-text\" id=\"bbd-file-label-text\" >No file selected!<\/label>\n\t\t<\/p>\n\t<\/div>\n\t<div class=\"bbd-capital-form-button\">\n\t\t<p><input class=\"wpcf7-form-control wpcf7-submit has-spinner\" type=\"submit\" value=\"Submit\" \/>\n\t\t<\/p>\n\t<\/div>\n<\/div><div class=\"wpcf7-response-output\" aria-hidden=\"true\"><\/div>\n<\/form>\n<\/div>\n<\/div><div class=\"ult-spacer spacer-6a0398aa6cb7f\" data-id=\"6a0398aa6cb7f\" data-height=\"60\" data-height-mobile=\"60\" data-height-tab=\"60\" data-height-tab-portrait=\"\" data-height-mobile-landscape=\"\" style=\"clear:both;display:block;\"><\/div>[\/vc_column_inner][\/vc_row_inner][\/vc_column][\/vc_row][vc_row][vc_column]<div class=\"ult-spacer spacer-6a0398aa6cbc2\" data-id=\"6a0398aa6cbc2\" data-height=\"140\" data-height-mobile=\"140\" data-height-tab=\"140\" data-height-tab-portrait=\"\" data-height-mobile-landscape=\"\" style=\"clear:both;display:block;\"><\/div>[\/vc_column][\/vc_row][\/vc_section]<\/p>\n","protected":false},"excerpt":{"rendered":"<p>[vc_section][vc_row full_width=&#8221;stretch_row_content_no_spaces&#8221;][vc_column][\/vc_column][\/vc_row][\/vc_section][vc_section][vc_row][vc_column][\/vc_column][\/vc_row][vc_row][vc_column][vc_row_inner][vc_column_inner el_class=&#8221;bbd-capital-humano-section-1&#8243; css=&#8221;.vc_custom_1626429596642{padding-right: 60px !important;}&#8221; offset=&#8221;vc_col-lg-6 vc_col-md-12 vc_col-xs-12&#8243;][vc_column_text]No work can be created without a consistent and thoughtful design. And this is a premise that we foster indoors.[\/vc_column_text][vc_column_text]Thus, we believe that the genesis of a consistent, conscious and focused attitude lies in the development of the people who are part of our organization.[\/vc_column_text][\/vc_column_inner][vc_column_inner css=&#8221;.vc_custom_1626428338989{padding-right: 45px [&hellip;]<\/p>\n","protected":false},"author":1,"featured_media":0,"parent":0,"menu_order":0,"comment_status":"closed","ping_status":"closed","template":"template-custom-page.php","meta":{"_vp_format_video_url":"","_vp_image_focal_point":[],"footnotes":""},"class_list":["post-429","page","type-page","status-publish","hentry"],"yoast_head":"<!-- This site is optimized with the Yoast SEO plugin v27.5 - https:\/\/yoast.com\/product\/yoast-seo-wordpress\/ -->\n<title>Human Capital - Ribeiro da Silva &amp; Ca, Lda<\/title>\n<meta name=\"robots\" content=\"index, follow, max-snippet:-1, max-image-preview:large, max-video-preview:-1\" \/>\n<link rel=\"canonical\" href=\"https:\/\/ribeirodasilva.com\/en\/human-capital\/\" \/>\n<meta property=\"og:locale\" content=\"en_US\" \/>\n<meta property=\"og:type\" content=\"article\" \/>\n<meta property=\"og:title\" content=\"Human Capital - Ribeiro da Silva &amp; Ca, Lda\" \/>\n<meta property=\"og:description\" content=\"[vc_section][vc_row full_width=&#8221;stretch_row_content_no_spaces&#8221;][vc_column][\/vc_column][\/vc_row][\/vc_section][vc_section][vc_row][vc_column][\/vc_column][\/vc_row][vc_row][vc_column][vc_row_inner][vc_column_inner el_class=&#8221;bbd-capital-humano-section-1&#8243; css=&#8221;.vc_custom_1626429596642{padding-right: 60px !important;}&#8221; offset=&#8221;vc_col-lg-6 vc_col-md-12 vc_col-xs-12&#8243;][vc_column_text]No work can be created without a consistent and thoughtful design. And this is a premise that we foster indoors.[\/vc_column_text][vc_column_text]Thus, we believe that the genesis of a consistent, conscious and focused attitude lies in the development of the people who are part of our organization.[\/vc_column_text][\/vc_column_inner][vc_column_inner css=&#8221;.vc_custom_1626428338989{padding-right: 45px [&hellip;]\" \/>\n<meta property=\"og:url\" content=\"https:\/\/ribeirodasilva.com\/en\/human-capital\/\" \/>\n<meta property=\"og:site_name\" content=\"Ribeiro da Silva &amp; Ca, Lda\" \/>\n<meta property=\"article:modified_time\" content=\"2021-07-16T15:38:48+00:00\" \/>\n<meta name=\"twitter:card\" content=\"summary_large_image\" \/>\n<meta name=\"twitter:label1\" content=\"Est. reading time\" \/>\n\t<meta name=\"twitter:data1\" content=\"2 minutes\" \/>\n<script type=\"application\/ld+json\" class=\"yoast-schema-graph\">{\"@context\":\"https:\\\/\\\/schema.org\",\"@graph\":[{\"@type\":\"WebPage\",\"@id\":\"https:\\\/\\\/ribeirodasilva.com\\\/en\\\/human-capital\\\/\",\"url\":\"https:\\\/\\\/ribeirodasilva.com\\\/en\\\/human-capital\\\/\",\"name\":\"Human Capital - Ribeiro da Silva &amp; Ca, Lda\",\"isPartOf\":{\"@id\":\"https:\\\/\\\/ribeirodasilva.com\\\/en\\\/#website\"},\"datePublished\":\"2021-07-16T15:36:50+00:00\",\"dateModified\":\"2021-07-16T15:38:48+00:00\",\"breadcrumb\":{\"@id\":\"https:\\\/\\\/ribeirodasilva.com\\\/en\\\/human-capital\\\/#breadcrumb\"},\"inLanguage\":\"en-US\",\"potentialAction\":[{\"@type\":\"ReadAction\",\"target\":[\"https:\\\/\\\/ribeirodasilva.com\\\/en\\\/human-capital\\\/\"]}]},{\"@type\":\"BreadcrumbList\",\"@id\":\"https:\\\/\\\/ribeirodasilva.com\\\/en\\\/human-capital\\\/#breadcrumb\",\"itemListElement\":[{\"@type\":\"ListItem\",\"position\":1,\"name\":\"Home\",\"item\":\"https:\\\/\\\/ribeirodasilva.com\\\/en\\\/\"},{\"@type\":\"ListItem\",\"position\":2,\"name\":\"Human Capital\"}]},{\"@type\":\"WebSite\",\"@id\":\"https:\\\/\\\/ribeirodasilva.com\\\/en\\\/#website\",\"url\":\"https:\\\/\\\/ribeirodasilva.com\\\/en\\\/\",\"name\":\"Ribeiro da Silva &amp; Ca, Lda\",\"description\":\"Constru\u00e7\u00e3o Civil e Obras P\u00fablicas - Joane - Vila Nova de Famalic\u00e3o\",\"potentialAction\":[{\"@type\":\"SearchAction\",\"target\":{\"@type\":\"EntryPoint\",\"urlTemplate\":\"https:\\\/\\\/ribeirodasilva.com\\\/en\\\/?s={search_term_string}\"},\"query-input\":{\"@type\":\"PropertyValueSpecification\",\"valueRequired\":true,\"valueName\":\"search_term_string\"}}],\"inLanguage\":\"en-US\"}]}<\/script>\n<!-- \/ Yoast SEO plugin. -->","yoast_head_json":{"title":"Human Capital - Ribeiro da Silva &amp; Ca, Lda","robots":{"index":"index","follow":"follow","max-snippet":"max-snippet:-1","max-image-preview":"max-image-preview:large","max-video-preview":"max-video-preview:-1"},"canonical":"https:\/\/ribeirodasilva.com\/en\/human-capital\/","og_locale":"en_US","og_type":"article","og_title":"Human Capital - Ribeiro da Silva &amp; Ca, Lda","og_description":"[vc_section][vc_row full_width=&#8221;stretch_row_content_no_spaces&#8221;][vc_column][\/vc_column][\/vc_row][\/vc_section][vc_section][vc_row][vc_column][\/vc_column][\/vc_row][vc_row][vc_column][vc_row_inner][vc_column_inner el_class=&#8221;bbd-capital-humano-section-1&#8243; css=&#8221;.vc_custom_1626429596642{padding-right: 60px !important;}&#8221; offset=&#8221;vc_col-lg-6 vc_col-md-12 vc_col-xs-12&#8243;][vc_column_text]No work can be created without a consistent and thoughtful design. And this is a premise that we foster indoors.[\/vc_column_text][vc_column_text]Thus, we believe that the genesis of a consistent, conscious and focused attitude lies in the development of the people who are part of our organization.[\/vc_column_text][\/vc_column_inner][vc_column_inner css=&#8221;.vc_custom_1626428338989{padding-right: 45px [&hellip;]","og_url":"https:\/\/ribeirodasilva.com\/en\/human-capital\/","og_site_name":"Ribeiro da Silva &amp; Ca, Lda","article_modified_time":"2021-07-16T15:38:48+00:00","twitter_card":"summary_large_image","twitter_misc":{"Est. reading time":"2 minutes"},"schema":{"@context":"https:\/\/schema.org","@graph":[{"@type":"WebPage","@id":"https:\/\/ribeirodasilva.com\/en\/human-capital\/","url":"https:\/\/ribeirodasilva.com\/en\/human-capital\/","name":"Human Capital - Ribeiro da Silva &amp; Ca, Lda","isPartOf":{"@id":"https:\/\/ribeirodasilva.com\/en\/#website"},"datePublished":"2021-07-16T15:36:50+00:00","dateModified":"2021-07-16T15:38:48+00:00","breadcrumb":{"@id":"https:\/\/ribeirodasilva.com\/en\/human-capital\/#breadcrumb"},"inLanguage":"en-US","potentialAction":[{"@type":"ReadAction","target":["https:\/\/ribeirodasilva.com\/en\/human-capital\/"]}]},{"@type":"BreadcrumbList","@id":"https:\/\/ribeirodasilva.com\/en\/human-capital\/#breadcrumb","itemListElement":[{"@type":"ListItem","position":1,"name":"Home","item":"https:\/\/ribeirodasilva.com\/en\/"},{"@type":"ListItem","position":2,"name":"Human Capital"}]},{"@type":"WebSite","@id":"https:\/\/ribeirodasilva.com\/en\/#website","url":"https:\/\/ribeirodasilva.com\/en\/","name":"Ribeiro da Silva &amp; Ca, Lda","description":"Constru\u00e7\u00e3o Civil e Obras P\u00fablicas - Joane - Vila Nova de Famalic\u00e3o","potentialAction":[{"@type":"SearchAction","target":{"@type":"EntryPoint","urlTemplate":"https:\/\/ribeirodasilva.com\/en\/?s={search_term_string}"},"query-input":{"@type":"PropertyValueSpecification","valueRequired":true,"valueName":"search_term_string"}}],"inLanguage":"en-US"}]}},"_links":{"self":[{"href":"https:\/\/ribeirodasilva.com\/en\/wp-json\/wp\/v2\/pages\/429","targetHints":{"allow":["GET"]}}],"collection":[{"href":"https:\/\/ribeirodasilva.com\/en\/wp-json\/wp\/v2\/pages"}],"about":[{"href":"https:\/\/ribeirodasilva.com\/en\/wp-json\/wp\/v2\/types\/page"}],"author":[{"embeddable":true,"href":"https:\/\/ribeirodasilva.com\/en\/wp-json\/wp\/v2\/users\/1"}],"replies":[{"embeddable":true,"href":"https:\/\/ribeirodasilva.com\/en\/wp-json\/wp\/v2\/comments?post=429"}],"version-history":[{"count":3,"href":"https:\/\/ribeirodasilva.com\/en\/wp-json\/wp\/v2\/pages\/429\/revisions"}],"predecessor-version":[{"id":432,"href":"https:\/\/ribeirodasilva.com\/en\/wp-json\/wp\/v2\/pages\/429\/revisions\/432"}],"wp:attachment":[{"href":"https:\/\/ribeirodasilva.com\/en\/wp-json\/wp\/v2\/media?parent=429"}],"curies":[{"name":"wp","href":"https:\/\/api.w.org\/{rel}","templated":true}]}}