{"id":424,"date":"2021-07-16T15:30:22","date_gmt":"2021-07-16T15:30:22","guid":{"rendered":"https:\/\/ribeirodasilva.com\/?page_id=424"},"modified":"2021-07-16T15:35:52","modified_gmt":"2021-07-16T15:35:52","slug":"sustainability","status":"publish","type":"page","link":"https:\/\/ribeirodasilva.com\/en\/sustainability\/","title":{"rendered":"Sustainability"},"content":{"rendered":"<p>[vc_section][vc_row full_width=&#8221;stretch_row_content_no_spaces&#8221;][vc_column offset=&#8221;vc_col-lg-12&#8243;]<div class=\"vlthemes_custom_69d4ec1b3191a bbd-backgroud-image  vlt-page-title-hero vlt-page-title-hero--style-2 jarallax\"><img loading=\"lazy\" decoding=\"async\" width=\"1920\" height=\"1080\" src=\"https:\/\/ribeirodasilva.com\/wp-content\/uploads\/2021\/07\/ribeirodasilva-banner-sustentabilidade.jpg\" class=\"jarallax-img\" alt=\"\" srcset=\"\" \/><div class=\"vlt-water-effect\"><canvas class=\"vlt-water-effect__canvas\"><\/canvas><\/div><div class=\"vlt-page-title-hero__content vlt-blur-content-on-scroll min-vh-100 d-flex align-items-center\"><div class=\"container\">[vc_row_inner][vc_column_inner offset=&#8221;vc_col-lg-3\/5 vc_col-md-12 vc_col-xs-12&#8243;]<div id=\"ultimate-heading-510169d4ec1b31f6c\" class=\"uvc-heading ult-adjust-bottom-margin ultimate-heading-510169d4ec1b31f6c uvc-7638 bbd-title-margin\" data-hspacer=\"no_spacer\"  data-halign=\"left\" style=\"text-align:left\"><div class=\"uvc-heading-spacer no_spacer\" style=\"top\"><\/div><div class=\"uvc-main-heading ult-responsive\"  data-ultimate-target='.uvc-heading.ultimate-heading-510169d4ec1b31f6c h1'  data-responsive-json-new='{\"font-size\":\"desktop:117px;tablet:100px;tablet_portrait:100px;mobile_landscape:85px;mobile:60px;\",\"line-height\":\"desktop:120px;tablet:90px;tablet_portrait:90px;mobile_landscape:64px;mobile:61px;\"}' ><h1 style=\"font-family:&#039;Teko&#039;;font-weight:bold;color:#ffffff;\">WE DON'T FORGET QUALITY AND SAFETY AT WORK<\/h1><\/div><div class=\"uvc-sub-heading ult-responsive\"  data-ultimate-target='.uvc-heading.ultimate-heading-510169d4ec1b31f6c .uvc-sub-heading '  data-responsive-json-new='{\"font-size\":\"desktop:20px;tablet:16px;\",\"line-height\":\"desktop:32px;tablet:26px;\"}'  style=\"font-weight:normal;color:#ffffff;margin-top:50px;\"><\/p>\n<p class=\"m-0\">In an area such as construction, in which we transform raw materials into final products, the conscientious management of resources and the correct disposal of waste are of crucial importance. In this way, we are concerned with consistently minimizing the environmental impact arising from our activity. A consistent effort for a more sustainable tomorrow.<\/p>\n<p class=\"m-0\" style=\"margin-top: 35px !important;\">Implementing strategies that guide and unify procedures is one of the pillars of our performance. We are committed to safety, we invest in standards and equipment that always safeguard our most valuable asset: human capital.<\/div><\/div>[\/vc_column_inner][\/vc_row_inner]<\/div><\/div><\/div>[\/vc_column][\/vc_row][\/vc_section]<\/p>\n","protected":false},"excerpt":{"rendered":"<p>[vc_section][vc_row full_width=&#8221;stretch_row_content_no_spaces&#8221;][vc_column offset=&#8221;vc_col-lg-12&#8243;][\/vc_column][\/vc_row][\/vc_section]<\/p>\n","protected":false},"author":1,"featured_media":0,"parent":0,"menu_order":0,"comment_status":"closed","ping_status":"closed","template":"template-custom-page.php","meta":{"_vp_format_video_url":"","_vp_image_focal_point":[],"footnotes":""},"class_list":["post-424","page","type-page","status-publish","hentry"],"yoast_head":"<!-- This site is optimized with the Yoast SEO plugin v27.2 - https:\/\/yoast.com\/product\/yoast-seo-wordpress\/ -->\n<title>Sustainability - Ribeiro da Silva &amp; Ca, Lda<\/title>\n<meta name=\"robots\" content=\"index, follow, max-snippet:-1, max-image-preview:large, max-video-preview:-1\" \/>\n<link rel=\"canonical\" href=\"https:\/\/ribeirodasilva.com\/en\/sustainability\/\" \/>\n<meta property=\"og:locale\" content=\"en_US\" \/>\n<meta property=\"og:type\" content=\"article\" \/>\n<meta property=\"og:title\" content=\"Sustainability - Ribeiro da Silva &amp; Ca, Lda\" \/>\n<meta property=\"og:description\" content=\"[vc_section][vc_row full_width=&#8221;stretch_row_content_no_spaces&#8221;][vc_column offset=&#8221;vc_col-lg-12&#8243;][\/vc_column][\/vc_row][\/vc_section]\" \/>\n<meta property=\"og:url\" content=\"https:\/\/ribeirodasilva.com\/en\/sustainability\/\" \/>\n<meta property=\"og:site_name\" content=\"Ribeiro da Silva &amp; Ca, Lda\" \/>\n<meta property=\"article:modified_time\" content=\"2021-07-16T15:35:52+00:00\" \/>\n<meta name=\"twitter:card\" content=\"summary_large_image\" \/>\n<meta name=\"twitter:label1\" content=\"Est. reading time\" \/>\n\t<meta name=\"twitter:data1\" content=\"1 minute\" \/>\n<script type=\"application\/ld+json\" class=\"yoast-schema-graph\">{\"@context\":\"https:\/\/schema.org\",\"@graph\":[{\"@type\":\"WebPage\",\"@id\":\"https:\/\/ribeirodasilva.com\/en\/sustainability\/\",\"url\":\"https:\/\/ribeirodasilva.com\/en\/sustainability\/\",\"name\":\"Sustainability - Ribeiro da Silva &amp; Ca, Lda\",\"isPartOf\":{\"@id\":\"https:\/\/ribeirodasilva.com\/en\/#website\"},\"datePublished\":\"2021-07-16T15:30:22+00:00\",\"dateModified\":\"2021-07-16T15:35:52+00:00\",\"breadcrumb\":{\"@id\":\"https:\/\/ribeirodasilva.com\/en\/sustainability\/#breadcrumb\"},\"inLanguage\":\"en-US\",\"potentialAction\":[{\"@type\":\"ReadAction\",\"target\":[\"https:\/\/ribeirodasilva.com\/en\/sustainability\/\"]}]},{\"@type\":\"BreadcrumbList\",\"@id\":\"https:\/\/ribeirodasilva.com\/en\/sustainability\/#breadcrumb\",\"itemListElement\":[{\"@type\":\"ListItem\",\"position\":1,\"name\":\"Home\",\"item\":\"https:\/\/ribeirodasilva.com\/en\/\"},{\"@type\":\"ListItem\",\"position\":2,\"name\":\"Sustainability\"}]},{\"@type\":\"WebSite\",\"@id\":\"https:\/\/ribeirodasilva.com\/en\/#website\",\"url\":\"https:\/\/ribeirodasilva.com\/en\/\",\"name\":\"Ribeiro da Silva &amp; Ca, Lda\",\"description\":\"Constru\u00e7\u00e3o Civil e Obras P\u00fablicas - Joane - Vila Nova de Famalic\u00e3o\",\"potentialAction\":[{\"@type\":\"SearchAction\",\"target\":{\"@type\":\"EntryPoint\",\"urlTemplate\":\"https:\/\/ribeirodasilva.com\/en\/?s={search_term_string}\"},\"query-input\":{\"@type\":\"PropertyValueSpecification\",\"valueRequired\":true,\"valueName\":\"search_term_string\"}}],\"inLanguage\":\"en-US\"}]}<\/script>\n<!-- \/ Yoast SEO plugin. -->","yoast_head_json":{"title":"Sustainability - Ribeiro da Silva &amp; Ca, Lda","robots":{"index":"index","follow":"follow","max-snippet":"max-snippet:-1","max-image-preview":"max-image-preview:large","max-video-preview":"max-video-preview:-1"},"canonical":"https:\/\/ribeirodasilva.com\/en\/sustainability\/","og_locale":"en_US","og_type":"article","og_title":"Sustainability - Ribeiro da Silva &amp; Ca, Lda","og_description":"[vc_section][vc_row full_width=&#8221;stretch_row_content_no_spaces&#8221;][vc_column offset=&#8221;vc_col-lg-12&#8243;][\/vc_column][\/vc_row][\/vc_section]","og_url":"https:\/\/ribeirodasilva.com\/en\/sustainability\/","og_site_name":"Ribeiro da Silva &amp; Ca, Lda","article_modified_time":"2021-07-16T15:35:52+00:00","twitter_card":"summary_large_image","twitter_misc":{"Est. reading time":"1 minute"},"schema":{"@context":"https:\/\/schema.org","@graph":[{"@type":"WebPage","@id":"https:\/\/ribeirodasilva.com\/en\/sustainability\/","url":"https:\/\/ribeirodasilva.com\/en\/sustainability\/","name":"Sustainability - Ribeiro da Silva &amp; Ca, Lda","isPartOf":{"@id":"https:\/\/ribeirodasilva.com\/en\/#website"},"datePublished":"2021-07-16T15:30:22+00:00","dateModified":"2021-07-16T15:35:52+00:00","breadcrumb":{"@id":"https:\/\/ribeirodasilva.com\/en\/sustainability\/#breadcrumb"},"inLanguage":"en-US","potentialAction":[{"@type":"ReadAction","target":["https:\/\/ribeirodasilva.com\/en\/sustainability\/"]}]},{"@type":"BreadcrumbList","@id":"https:\/\/ribeirodasilva.com\/en\/sustainability\/#breadcrumb","itemListElement":[{"@type":"ListItem","position":1,"name":"Home","item":"https:\/\/ribeirodasilva.com\/en\/"},{"@type":"ListItem","position":2,"name":"Sustainability"}]},{"@type":"WebSite","@id":"https:\/\/ribeirodasilva.com\/en\/#website","url":"https:\/\/ribeirodasilva.com\/en\/","name":"Ribeiro da Silva &amp; Ca, Lda","description":"Constru\u00e7\u00e3o Civil e Obras P\u00fablicas - Joane - Vila Nova de Famalic\u00e3o","potentialAction":[{"@type":"SearchAction","target":{"@type":"EntryPoint","urlTemplate":"https:\/\/ribeirodasilva.com\/en\/?s={search_term_string}"},"query-input":{"@type":"PropertyValueSpecification","valueRequired":true,"valueName":"search_term_string"}}],"inLanguage":"en-US"}]}},"_links":{"self":[{"href":"https:\/\/ribeirodasilva.com\/en\/wp-json\/wp\/v2\/pages\/424","targetHints":{"allow":["GET"]}}],"collection":[{"href":"https:\/\/ribeirodasilva.com\/en\/wp-json\/wp\/v2\/pages"}],"about":[{"href":"https:\/\/ribeirodasilva.com\/en\/wp-json\/wp\/v2\/types\/page"}],"author":[{"embeddable":true,"href":"https:\/\/ribeirodasilva.com\/en\/wp-json\/wp\/v2\/users\/1"}],"replies":[{"embeddable":true,"href":"https:\/\/ribeirodasilva.com\/en\/wp-json\/wp\/v2\/comments?post=424"}],"version-history":[{"count":4,"href":"https:\/\/ribeirodasilva.com\/en\/wp-json\/wp\/v2\/pages\/424\/revisions"}],"predecessor-version":[{"id":428,"href":"https:\/\/ribeirodasilva.com\/en\/wp-json\/wp\/v2\/pages\/424\/revisions\/428"}],"wp:attachment":[{"href":"https:\/\/ribeirodasilva.com\/en\/wp-json\/wp\/v2\/media?parent=424"}],"curies":[{"name":"wp","href":"https:\/\/api.w.org\/{rel}","templated":true}]}}