{"id":408,"date":"2021-07-16T15:07:36","date_gmt":"2021-07-16T15:07:36","guid":{"rendered":"https:\/\/ribeirodasilva.com\/?page_id=408"},"modified":"2021-07-20T11:42:40","modified_gmt":"2021-07-20T11:42:40","slug":"about-us","status":"publish","type":"page","link":"https:\/\/ribeirodasilva.com\/en\/about-us\/","title":{"rendered":"About us"},"content":{"rendered":"<p>[vc_section][vc_row full_width=&#8221;stretch_row_content_no_spaces&#8221;][vc_column]<div class=\"vlthemes_custom_69de2ffd0ef07   vlt-page-title-empty jarallax\"><img loading=\"lazy\" decoding=\"async\" width=\"1920\" height=\"540\" src=\"https:\/\/ribeirodasilva.com\/wp-content\/uploads\/2021\/07\/ribeirodasilva-sobre-nos-banner.jpg\" class=\"jarallax-img\" alt=\"\" srcset=\"\" \/><\/div>[\/vc_column][\/vc_row][\/vc_section][vc_section][vc_row][vc_column]<div class=\"ult-spacer spacer-69de2ffd0fb52\" data-id=\"69de2ffd0fb52\" data-height=\"110\" data-height-mobile=\"110\" data-height-tab=\"110\" data-height-tab-portrait=\"\" data-height-mobile-landscape=\"\" style=\"clear:both;display:block;\"><\/div>[\/vc_column][\/vc_row][vc_row][vc_column css=&#8221;.vc_custom_1626435036466{padding-top: 50px !important;padding-right: 40px !important;}&#8221; offset=&#8221;vc_col-lg-6 vc_col-md-12 vc_col-xs-12&#8243;]<div id=\"ultimate-heading-754169de2ffd0fbf6\" class=\"uvc-heading ult-adjust-bottom-margin ultimate-heading-754169de2ffd0fbf6 uvc-6155 \" data-hspacer=\"no_spacer\"  data-halign=\"left\" style=\"text-align:left\"><div class=\"uvc-heading-spacer no_spacer\" style=\"top\"><\/div><div class=\"uvc-main-heading ult-responsive\"  data-ultimate-target='.uvc-heading.ultimate-heading-754169de2ffd0fbf6 h2'  data-responsive-json-new='{\"font-size\":\"desktop:90px;tablet:80px;tablet_portrait:75px;mobile_landscape:65px;mobile:52px;\",\"line-height\":\"desktop:85px;tablet:75px;tablet_portrait:70px;mobile_landscape:60px;mobile:47px;\"}' ><h2 style=\"font-weight:normal;\">We build ideas, making dreams come true for 50 years<\/h2><\/div><\/div>[\/vc_column][vc_column offset=&#8221;vc_col-lg-6 vc_col-md-12 vc_col-xs-12&#8243; css=&#8221;.vc_custom_1626435040375{padding-top: 50px !important;}&#8221;][vc_column_text]1971 was the year we decided to do the project of our lives: we created Ribeiro da Silva! Endowed with a characteristic know-how, with its own facilities, equipment and team, our company is consolidated in the civil construction and public works market in the north of the country.<\/p>\n<p>We believe in close relationships and ensure that professionalism and seriousness guide ourevery day. At Ribeiro da Silva, we take responsibility for the work we do, and every day we work to be the benchmark company for our seriousness and quality of delivery in projects and construction.<\/p>\n<p>The housing or industrial sectors has no secrets for our employees use the knowledge acquired and improved over the years in their tasks.<\/p>\n<p>After all, half a century of activity has allowed us to build a solid path and create works of great value![\/vc_column_text][\/vc_column][\/vc_row][\/vc_section][vc_section][vc_row][vc_column]<div class=\"ult-spacer spacer-69de2ffd0fc5e\" data-id=\"69de2ffd0fc5e\" data-height=\"130\" data-height-mobile=\"130\" data-height-tab=\"130\" data-height-tab-portrait=\"\" data-height-mobile-landscape=\"\" style=\"clear:both;display:block;\"><\/div>[vc_separator color=&#8221;custom&#8221; accent_color=&#8221;#e6e6e6&#8243;]<div class=\"ult-spacer spacer-69de2ffd0fc8f\" data-id=\"69de2ffd0fc8f\" data-height=\"100\" data-height-mobile=\"100\" data-height-tab=\"100\" data-height-tab-portrait=\"\" data-height-mobile-landscape=\"\" style=\"clear:both;display:block;\"><\/div>[\/vc_column][vc_column][vc_row_inner][vc_column_inner offset=&#8221;vc_col-lg-3 vc_col-md-6 vc_col-xs-12&#8243; css=&#8221;.vc_custom_1626434863192{padding-right: 20px !important;padding-left: 20px !important;}&#8221;]<div class=\"vlthemes_custom_69de2ffd0fcc0   vlt-counter-up vlt-counter-up--style-1\" data-value=\"+50\"><span class=\"has-secondary-font js-counter\">0<\/span><p>YEARS OF EXPERIENCE<\/p><\/div><div class=\"ult-spacer spacer-69de2ffd0fcff\" data-id=\"69de2ffd0fcff\" data-height=\"\" data-height-mobile=\"\" data-height-tab=\"30\" data-height-tab-portrait=\"\" data-height-mobile-landscape=\"\" style=\"clear:both;display:block;\"><\/div>[\/vc_column_inner][vc_column_inner css=&#8221;.vc_custom_1626434859496{padding-right: 20px !important;padding-left: 20px !important;}&#8221; offset=&#8221;vc_col-lg-3 vc_col-md-6 vc_col-xs-12&#8243;]<div class=\"vlthemes_custom_69de2ffd0fd2c   vlt-counter-up vlt-counter-up--style-1\" data-value=\"30\"><span class=\"has-secondary-font js-counter\">0<\/span><p>CONTRIBUTORS<\/p><\/div><div class=\"ult-spacer spacer-69de2ffd0fd5a\" data-id=\"69de2ffd0fd5a\" data-height=\"\" data-height-mobile=\"\" data-height-tab=\"30\" data-height-tab-portrait=\"\" data-height-mobile-landscape=\"\" style=\"clear:both;display:block;\"><\/div>[\/vc_column_inner][vc_column_inner offset=&#8221;vc_col-lg-3 vc_col-md-6 vc_col-xs-12&#8243; css=&#8221;.vc_custom_1626434886446{padding-right: 20px !important;padding-left: 20px !important;}&#8221;]<div class=\"vlthemes_custom_69de2ffd0fd82   vlt-counter-up vlt-counter-up--style-1\" data-value=\"100\"><span class=\"has-secondary-font js-counter\">0<\/span><p>WORKS COMPLETED<\/p><\/div><div class=\"ult-spacer spacer-69de2ffd0fdad\" data-id=\"69de2ffd0fdad\" data-height=\"\" data-height-mobile=\"\" data-height-tab=\"30\" data-height-tab-portrait=\"\" data-height-mobile-landscape=\"\" style=\"clear:both;display:block;\"><\/div>[\/vc_column_inner][vc_column_inner css=&#8221;.vc_custom_1626434882638{padding-right: 20px !important;padding-left: 20px !important;}&#8221; offset=&#8221;vc_col-lg-3 vc_col-md-6 vc_col-xs-12&#8243;]<div class=\"vlthemes_custom_69de2ffd0fdd5   vlt-counter-up vlt-counter-up--style-1\" data-value=\"8\"><span class=\"has-secondary-font js-counter\">0<\/span><p>CERTIFICATIONS<\/p><\/div><div class=\"ult-spacer spacer-69de2ffd0fdff\" data-id=\"69de2ffd0fdff\" data-height=\"\" data-height-mobile=\"\" data-height-tab=\"30\" data-height-tab-portrait=\"\" data-height-mobile-landscape=\"\" style=\"clear:both;display:block;\"><\/div>[\/vc_column_inner][\/vc_row_inner]<div class=\"ult-spacer spacer-69de2ffd0fe6e\" data-id=\"69de2ffd0fe6e\" data-height=\"130\" data-height-mobile=\"130\" data-height-tab=\"130\" data-height-tab-portrait=\"\" data-height-mobile-landscape=\"\" style=\"clear:both;display:block;\"><\/div>[\/vc_column][\/vc_row][\/vc_section][vc_section][vc_row][vc_column]<div class=\"ult-spacer spacer-69de2ffd0fe99\" data-id=\"69de2ffd0fe99\" data-height=\"80\" data-height-mobile=\"80\" data-height-tab=\"80\" data-height-tab-portrait=\"\" data-height-mobile-landscape=\"\" style=\"clear:both;display:block;\"><\/div>[\/vc_column][vc_column offset=&#8221;vc_col-lg-5&#8243;]<div class=\"vlthemes_custom_69de2ffd0feee   vlt-animation-block\" data-aos=\"fade\" data-aos-delay=\"100\"><div class=\"vlthemes_custom_69de2ffd0fff8 bbd-collapse-sobre-nos  vlt-collapse-container\" data-type=\"accordion\" data-active-index=\"\"><div class=\"vlt-collapse-item\"><div class=\"vlt-collapse-item__header\"><h5>FACILITIES AND SHIPYARDS<\/h5><i class=\"lnr lnr-chevron-up\"><\/i><\/div><div class=\"vlt-collapse-item__content\"><p><p><strong style=\"color:#000 !important;font-weight:500 !important\">This is the space where we organize to build your:<\/strong><\/p>\n\n<p>Installations in Joane with land with an area of 1800m2 of covered area and 500m2 of uncovered area, distributed as follows:<\/p>\n\n<p>250m2 Offices<\/p>\n\n<p>General warehouse 600m2<\/p>\n\n<p>100m2 Iron Frame<\/p><\/p><\/div><\/div><div class=\"vlt-collapse-item\"><div class=\"vlt-collapse-item__header\"><h5>EQUIPMENT<\/h5><i class=\"lnr lnr-chevron-up\"><\/i><\/div><div class=\"vlt-collapse-item__content\"><p><p><strong style=\"color:#000 !important;font-weight:500 !important\">WE ARE EQUIPPED TO BUILD VALUE <\/strong><\/p>\n\n<p>We invest in the acquisition of equipment that allows us to respond to the most demanding projects.<\/p>\n\n<p><strong style=\"color:#000 !important;font-weight:500 !important\">Light Equipment:<\/strong><\/p>\n<p>Concrete Mixers<br>\nCompressors<br>\nPneumatic Hammers<br>\nCylinders<br>\nCompression<br>\nMiscellaneous Equipment<br>\nPlastering and Flooring Machines<\/p>\n\n<p><strong style=\"color:#000 !important;font-weight:500 !important\">Transport Equipment:<\/strong><\/p>\n<p>Light \/ Goods<br>\nMixed and Passengers<br>\nHeavy<br>\nHeavy\/Two-axle Goods<br><\/p>\n\n\n<p><strong style=\"color:#000 !important;font-weight:500 !important\">Heavy Equipment:<\/strong><\/p>\n<p>Backhoe Machines<br>\nTelescopic Stacker<br>\nHydraulic Hammers<br>\nCranes<br>\nDumpers<br>\nConcrete Plants<br>\nForklifts<br><\/p><\/p><\/div><\/div><div class=\"vlt-collapse-item\"><div class=\"vlt-collapse-item__header\"><h5>TEAM<\/h5><i class=\"lnr lnr-chevron-up\"><\/i><\/div><div class=\"vlt-collapse-item__content\"><p><p><strong style=\"color:#000 !important;font-weight:500 !important\">TECHNICAL STAFF <\/strong><\/p>\n\n<p><strong style=\"color:#000 !important;font-weight:500 !important\">Technical Director:  <\/strong>Artur Ricardo da Silva Fernandes (Architect)<\/p>\n<p><strong style=\"color:#000 !important;font-weight:500 !important\">Budget:  <\/strong>Miguel \u00c2ngelo da Silva Fernandes (Ag. Tec. Engineering and Architecture)<\/p>\n<p><strong style=\"color:#000 !important;font-weight:500 !important\">Work Directors:  <\/strong>Artur Ricardo da Silva Fernandes (Architect)<br>Miguel \u00c2ngelo da Silva Fernandes (Ag.Tec. Engineering and Architecture)<\/p>\n<p><strong style=\"color:#000 !important;font-weight:500 !important\">Safety, Hygiene and Health at Work:  <\/strong>Pedro Renato Portela Gon\u00e7alves Mota<\/p>\n\n<\/p><\/div><\/div><\/div><\/div><div class=\"ult-spacer spacer-69de2ffd1064b\" data-id=\"69de2ffd1064b\" data-height=\"\" data-height-mobile=\"\" data-height-tab=\"70\" data-height-tab-portrait=\"\" data-height-mobile-landscape=\"\" style=\"clear:both;display:block;\"><\/div>[\/vc_column][vc_column offset=&#8221;vc_col-lg-offset-1 vc_col-lg-6&#8243;]<div class=\"vlthemes_custom_69de2ffd108a6   vlt-animation-block\" data-aos=\"fade\" data-aos-delay=\"200\">[vc_single_image image=&#8221;300&#8243; img_size=&#8221;full&#8221;]<\/div>[\/vc_column][vc_column]<div class=\"ult-spacer spacer-69de2ffd1091e\" data-id=\"69de2ffd1091e\" data-height=\"130\" data-height-mobile=\"130\" data-height-tab=\"130\" data-height-tab-portrait=\"\" data-height-mobile-landscape=\"\" style=\"clear:both;display:block;\"><\/div>[\/vc_column][\/vc_row][\/vc_section][vc_row css=&#8221;.vc_custom_1626269098050{background-color: #80b2c1 !important;}&#8221;][vc_column]<div class=\"ult-spacer spacer-69de2ffd1094a\" data-id=\"69de2ffd1094a\" data-height=\"100\" data-height-mobile=\"100\" data-height-tab=\"100\" data-height-tab-portrait=\"\" data-height-mobile-landscape=\"\" style=\"clear:both;display:block;\"><\/div>[vc_row_inner][vc_column_inner css=&#8221;.vc_custom_1626435165117{padding-right: 50px !important;padding-left: 50px !important;}&#8221; el_id=&#8221;bbd-newsletter-section-text&#8221; offset=&#8221;vc_col-lg-2\/5 vc_col-md-12 vc_col-xs-12&#8243;][vc_custom_heading text=&#8221;We encourage sharing and close relationships.&#8221; font_container=&#8221;tag:h3|font_size:40px|text_align:left|color:%23ffffff&#8221; google_fonts=&#8221;font_family:Roboto%3A100%2C100italic%2C300%2C300italic%2Cregular%2Citalic%2C500%2C500italic%2C700%2C700italic%2C900%2C900italic|font_style:400%20regular%3A400%3Anormal&#8221;][vc_custom_heading text=&#8221;Subscribe to our newsletter and follow the news we help create!&#8221; font_container=&#8221;tag:h3|font_size:20px|text_align:left|color:%23ffffff&#8221; google_fonts=&#8221;font_family:Roboto%3A100%2C100italic%2C300%2C300italic%2Cregular%2Citalic%2C500%2C500italic%2C700%2C700italic%2C900%2C900italic|font_style:400%20regular%3A400%3Anormal&#8221;][\/vc_column_inner][vc_column_inner css=&#8221;.vc_custom_1626435174462{padding-right: 70px !important;padding-left: 70px !important;}&#8221; el_id=&#8221;bbd-newsletter-section-form&#8221; offset=&#8221;vc_col-lg-3\/5 vc_col-md-12 vc_col-xs-12&#8243;]<div class=\"vlthemes_custom_69de2ffd10971   \">\n<div class=\"wpcf7 no-js\" id=\"wpcf7-f399-o1\" lang=\"en-US\" dir=\"ltr\" data-wpcf7-id=\"399\">\n<div class=\"screen-reader-response\"><p role=\"status\" aria-live=\"polite\" aria-atomic=\"true\"><\/p> <ul><\/ul><\/div>\n<form action=\"\/en\/wp-json\/wp\/v2\/pages\/408#wpcf7-f399-o1\" method=\"post\" class=\"wpcf7-form init\" aria-label=\"Contact form\" novalidate=\"novalidate\" data-status=\"init\">\n<fieldset class=\"hidden-fields-container\"><input type=\"hidden\" name=\"_wpcf7\" value=\"399\" \/><input type=\"hidden\" name=\"_wpcf7_version\" value=\"6.1.5\" \/><input type=\"hidden\" name=\"_wpcf7_locale\" value=\"en_US\" \/><input type=\"hidden\" name=\"_wpcf7_unit_tag\" value=\"wpcf7-f399-o1\" \/><input type=\"hidden\" name=\"_wpcf7_container_post\" value=\"0\" \/><input type=\"hidden\" name=\"_wpcf7_posted_data_hash\" value=\"\" \/><input type=\"hidden\" name=\"_wpcf7_recaptcha_response\" value=\"\" \/>\n<\/fieldset>\n<fieldset class=\"bbd-fieldInput\">\n\t<p><span class=\"wpcf7-form-control-wrap\" data-name=\"your-email\"><input size=\"40\" maxlength=\"400\" class=\"wpcf7-form-control wpcf7-email wpcf7-validates-as-required wpcf7-text wpcf7-validates-as-email\" aria-required=\"true\" aria-invalid=\"false\" placeholder=\"Email\" value=\"\" type=\"email\" name=\"your-email\" \/><\/span><br \/>\n<input class=\"wpcf7-form-control wpcf7-submit has-spinner bbd-newsletter-button\" type=\"submit\" value=\"Subscribe\" \/>\n\t<\/p>\n<\/fieldset><div class=\"wpcf7-response-output\" aria-hidden=\"true\"><\/div>\n<\/form>\n<\/div>\n<\/div>[\/vc_column_inner][\/vc_row_inner]<div class=\"ult-spacer spacer-69de2ffd122b0\" data-id=\"69de2ffd122b0\" data-height=\"100\" data-height-mobile=\"100\" data-height-tab=\"100\" data-height-tab-portrait=\"\" data-height-mobile-landscape=\"\" style=\"clear:both;display:block;\"><\/div>[\/vc_column][\/vc_row][vc_row][vc_column]<div class=\"ult-spacer spacer-69de2ffd122eb\" data-id=\"69de2ffd122eb\" data-height=\"130\" data-height-mobile=\"130\" data-height-tab=\"130\" data-height-tab-portrait=\"\" data-height-mobile-landscape=\"\" style=\"clear:both;display:block;\"><\/div>[\/vc_column][\/vc_row]<\/p>\n","protected":false},"excerpt":{"rendered":"<p>[vc_section][vc_row full_width=&#8221;stretch_row_content_no_spaces&#8221;][vc_column][\/vc_column][\/vc_row][\/vc_section][vc_section][vc_row][vc_column][\/vc_column][\/vc_row][vc_row][vc_column css=&#8221;.vc_custom_1626435036466{padding-top: 50px !important;padding-right: 40px !important;}&#8221; offset=&#8221;vc_col-lg-6 vc_col-md-12 vc_col-xs-12&#8243;][\/vc_column][vc_column offset=&#8221;vc_col-lg-6 vc_col-md-12 vc_col-xs-12&#8243; css=&#8221;.vc_custom_1626435040375{padding-top: 50px !important;}&#8221;][vc_column_text]1971 was the year we decided to do the project of our lives: we created Ribeiro da Silva! Endowed with a characteristic know-how, with its own facilities, equipment and team, our company is consolidated in the civil construction and public [&hellip;]<\/p>\n","protected":false},"author":1,"featured_media":0,"parent":0,"menu_order":0,"comment_status":"closed","ping_status":"closed","template":"template-custom-page.php","meta":{"_vp_format_video_url":"","_vp_image_focal_point":[],"footnotes":""},"class_list":["post-408","page","type-page","status-publish","hentry"],"yoast_head":"<!-- This site is optimized with the Yoast SEO plugin v27.2 - https:\/\/yoast.com\/product\/yoast-seo-wordpress\/ -->\n<title>About us - Ribeiro da Silva &amp; Ca, Lda<\/title>\n<meta name=\"robots\" content=\"index, follow, max-snippet:-1, max-image-preview:large, max-video-preview:-1\" \/>\n<link rel=\"canonical\" href=\"https:\/\/ribeirodasilva.com\/en\/about-us\/\" \/>\n<meta property=\"og:locale\" content=\"en_US\" \/>\n<meta property=\"og:type\" content=\"article\" \/>\n<meta property=\"og:title\" content=\"About us - Ribeiro da Silva &amp; Ca, Lda\" \/>\n<meta property=\"og:description\" content=\"[vc_section][vc_row full_width=&#8221;stretch_row_content_no_spaces&#8221;][vc_column][\/vc_column][\/vc_row][\/vc_section][vc_section][vc_row][vc_column][\/vc_column][\/vc_row][vc_row][vc_column css=&#8221;.vc_custom_1626435036466{padding-top: 50px !important;padding-right: 40px !important;}&#8221; offset=&#8221;vc_col-lg-6 vc_col-md-12 vc_col-xs-12&#8243;][\/vc_column][vc_column offset=&#8221;vc_col-lg-6 vc_col-md-12 vc_col-xs-12&#8243; css=&#8221;.vc_custom_1626435040375{padding-top: 50px !important;}&#8221;][vc_column_text]1971 was the year we decided to do the project of our lives: we created Ribeiro da Silva! Endowed with a characteristic know-how, with its own facilities, equipment and team, our company is consolidated in the civil construction and public [&hellip;]\" \/>\n<meta property=\"og:url\" content=\"https:\/\/ribeirodasilva.com\/en\/about-us\/\" \/>\n<meta property=\"og:site_name\" content=\"Ribeiro da Silva &amp; Ca, Lda\" \/>\n<meta property=\"article:modified_time\" content=\"2021-07-20T11:42:40+00:00\" \/>\n<meta name=\"twitter:card\" content=\"summary_large_image\" \/>\n<meta name=\"twitter:label1\" content=\"Est. reading time\" \/>\n\t<meta name=\"twitter:data1\" content=\"5 minutes\" \/>\n<script type=\"application\/ld+json\" class=\"yoast-schema-graph\">{\"@context\":\"https:\/\/schema.org\",\"@graph\":[{\"@type\":\"WebPage\",\"@id\":\"https:\/\/ribeirodasilva.com\/en\/about-us\/\",\"url\":\"https:\/\/ribeirodasilva.com\/en\/about-us\/\",\"name\":\"About us - Ribeiro da Silva &amp; Ca, Lda\",\"isPartOf\":{\"@id\":\"https:\/\/ribeirodasilva.com\/en\/#website\"},\"datePublished\":\"2021-07-16T15:07:36+00:00\",\"dateModified\":\"2021-07-20T11:42:40+00:00\",\"breadcrumb\":{\"@id\":\"https:\/\/ribeirodasilva.com\/en\/about-us\/#breadcrumb\"},\"inLanguage\":\"en-US\",\"potentialAction\":[{\"@type\":\"ReadAction\",\"target\":[\"https:\/\/ribeirodasilva.com\/en\/about-us\/\"]}]},{\"@type\":\"BreadcrumbList\",\"@id\":\"https:\/\/ribeirodasilva.com\/en\/about-us\/#breadcrumb\",\"itemListElement\":[{\"@type\":\"ListItem\",\"position\":1,\"name\":\"Home\",\"item\":\"https:\/\/ribeirodasilva.com\/en\/\"},{\"@type\":\"ListItem\",\"position\":2,\"name\":\"About us\"}]},{\"@type\":\"WebSite\",\"@id\":\"https:\/\/ribeirodasilva.com\/en\/#website\",\"url\":\"https:\/\/ribeirodasilva.com\/en\/\",\"name\":\"Ribeiro da Silva &amp; Ca, Lda\",\"description\":\"Constru\u00e7\u00e3o Civil e Obras P\u00fablicas - Joane - Vila Nova de Famalic\u00e3o\",\"potentialAction\":[{\"@type\":\"SearchAction\",\"target\":{\"@type\":\"EntryPoint\",\"urlTemplate\":\"https:\/\/ribeirodasilva.com\/en\/?s={search_term_string}\"},\"query-input\":{\"@type\":\"PropertyValueSpecification\",\"valueRequired\":true,\"valueName\":\"search_term_string\"}}],\"inLanguage\":\"en-US\"}]}<\/script>\n<!-- \/ Yoast SEO plugin. -->","yoast_head_json":{"title":"About us - Ribeiro da Silva &amp; Ca, Lda","robots":{"index":"index","follow":"follow","max-snippet":"max-snippet:-1","max-image-preview":"max-image-preview:large","max-video-preview":"max-video-preview:-1"},"canonical":"https:\/\/ribeirodasilva.com\/en\/about-us\/","og_locale":"en_US","og_type":"article","og_title":"About us - Ribeiro da Silva &amp; Ca, Lda","og_description":"[vc_section][vc_row full_width=&#8221;stretch_row_content_no_spaces&#8221;][vc_column][\/vc_column][\/vc_row][\/vc_section][vc_section][vc_row][vc_column][\/vc_column][\/vc_row][vc_row][vc_column css=&#8221;.vc_custom_1626435036466{padding-top: 50px !important;padding-right: 40px !important;}&#8221; offset=&#8221;vc_col-lg-6 vc_col-md-12 vc_col-xs-12&#8243;][\/vc_column][vc_column offset=&#8221;vc_col-lg-6 vc_col-md-12 vc_col-xs-12&#8243; css=&#8221;.vc_custom_1626435040375{padding-top: 50px !important;}&#8221;][vc_column_text]1971 was the year we decided to do the project of our lives: we created Ribeiro da Silva! Endowed with a characteristic know-how, with its own facilities, equipment and team, our company is consolidated in the civil construction and public [&hellip;]","og_url":"https:\/\/ribeirodasilva.com\/en\/about-us\/","og_site_name":"Ribeiro da Silva &amp; Ca, Lda","article_modified_time":"2021-07-20T11:42:40+00:00","twitter_card":"summary_large_image","twitter_misc":{"Est. reading time":"5 minutes"},"schema":{"@context":"https:\/\/schema.org","@graph":[{"@type":"WebPage","@id":"https:\/\/ribeirodasilva.com\/en\/about-us\/","url":"https:\/\/ribeirodasilva.com\/en\/about-us\/","name":"About us - Ribeiro da Silva &amp; Ca, Lda","isPartOf":{"@id":"https:\/\/ribeirodasilva.com\/en\/#website"},"datePublished":"2021-07-16T15:07:36+00:00","dateModified":"2021-07-20T11:42:40+00:00","breadcrumb":{"@id":"https:\/\/ribeirodasilva.com\/en\/about-us\/#breadcrumb"},"inLanguage":"en-US","potentialAction":[{"@type":"ReadAction","target":["https:\/\/ribeirodasilva.com\/en\/about-us\/"]}]},{"@type":"BreadcrumbList","@id":"https:\/\/ribeirodasilva.com\/en\/about-us\/#breadcrumb","itemListElement":[{"@type":"ListItem","position":1,"name":"Home","item":"https:\/\/ribeirodasilva.com\/en\/"},{"@type":"ListItem","position":2,"name":"About us"}]},{"@type":"WebSite","@id":"https:\/\/ribeirodasilva.com\/en\/#website","url":"https:\/\/ribeirodasilva.com\/en\/","name":"Ribeiro da Silva &amp; Ca, Lda","description":"Constru\u00e7\u00e3o Civil e Obras P\u00fablicas - Joane - Vila Nova de Famalic\u00e3o","potentialAction":[{"@type":"SearchAction","target":{"@type":"EntryPoint","urlTemplate":"https:\/\/ribeirodasilva.com\/en\/?s={search_term_string}"},"query-input":{"@type":"PropertyValueSpecification","valueRequired":true,"valueName":"search_term_string"}}],"inLanguage":"en-US"}]}},"_links":{"self":[{"href":"https:\/\/ribeirodasilva.com\/en\/wp-json\/wp\/v2\/pages\/408","targetHints":{"allow":["GET"]}}],"collection":[{"href":"https:\/\/ribeirodasilva.com\/en\/wp-json\/wp\/v2\/pages"}],"about":[{"href":"https:\/\/ribeirodasilva.com\/en\/wp-json\/wp\/v2\/types\/page"}],"author":[{"embeddable":true,"href":"https:\/\/ribeirodasilva.com\/en\/wp-json\/wp\/v2\/users\/1"}],"replies":[{"embeddable":true,"href":"https:\/\/ribeirodasilva.com\/en\/wp-json\/wp\/v2\/comments?post=408"}],"version-history":[{"count":5,"href":"https:\/\/ribeirodasilva.com\/en\/wp-json\/wp\/v2\/pages\/408\/revisions"}],"predecessor-version":[{"id":650,"href":"https:\/\/ribeirodasilva.com\/en\/wp-json\/wp\/v2\/pages\/408\/revisions\/650"}],"wp:attachment":[{"href":"https:\/\/ribeirodasilva.com\/en\/wp-json\/wp\/v2\/media?parent=408"}],"curies":[{"name":"wp","href":"https:\/\/api.w.org\/{rel}","templated":true}]}}